{"id":1173,"date":"2015-09-26T15:50:24","date_gmt":"2015-09-26T15:50:24","guid":{"rendered":"https:\/\/www.cbcsd.cz\/?page_id=1173"},"modified":"2024-02-05T14:28:34","modified_gmt":"2024-02-05T12:28:34","slug":"kontakt-en","status":"publish","type":"page","link":"https:\/\/www.cbcsd.cz\/en\/kontakt-en\/","title":{"rendered":"Contact"},"content":{"rendered":"<section class=\"wpb-content-wrapper\">[vc_row][vc_column width=&#8221;1\/3&#8243;][vc_column_text]<strong><a href=\"https:\/\/www.cbcsd.cz\/wp-content\/uploads\/2023\/01\/duchanova_erika.jpg\"><img decoding=\"async\" class=\"alignleft wp-image-14555\" src=\"data:image\/svg+xml,%3Csvg%20xmlns%3D&#39;http%3A%2F%2Fwww.w3.org%2F2000%2Fsvg&#39;%20width=&#39;150&#39;%20height=&#39;206&#39;%20viewBox%3D&#39;0%200%20150%20206&#39;%2F%3E\" data-czlz data-src=\"https:\/\/www.cbcsd.cz\/wp-content\/uploads\/2023\/01\/duchanova_erika-219x300.jpg\" alt=\"\" width=\"150\" height=\"206\" data-srcset=\"https:\/\/www.cbcsd.cz\/wp-content\/uploads\/2023\/01\/duchanova_erika-219x300.jpg 219w, https:\/\/www.cbcsd.cz\/wp-content\/uploads\/2023\/01\/duchanova_erika-746x1024.jpg 746w, https:\/\/www.cbcsd.cz\/wp-content\/uploads\/2023\/01\/duchanova_erika-768x1054.jpg 768w, https:\/\/www.cbcsd.cz\/wp-content\/uploads\/2023\/01\/duchanova_erika-600x824.jpg 600w, https:\/\/www.cbcsd.cz\/wp-content\/uploads\/2023\/01\/duchanova_erika-750x1029.jpg 750w, https:\/\/www.cbcsd.cz\/wp-content\/uploads\/2023\/01\/duchanova_erika.jpg 800w\" data-sizes=\"(max-width: 150px) 100vw, 150px\" \/><\/a><\/strong><\/p>\n<p><strong><br \/>\nSecretary General<br \/>\n<\/strong>Mgr. Erika Duchanov\u00e1<br \/>\nmob: +420&nbsp;602&nbsp;525&nbsp;836<br \/>\ne-mail: <a href=\"mailto:duchanova@cbcsd.cz\">duchanova@cbcsd.cz<\/a>[\/vc_column_text][\/vc_column][vc_column width=&#8221;2\/3&#8243;][vc_empty_space height=&#8221;40px&#8221;][vc_column_text]\n<p class=\"-wm-MsoNormal\">Erika Duchanov\u00e1 graduated from the Faculty of Education and the Faculty of Arts University of Ostrava. She has worked in a number of managerial positions in the automotive and engineering industry, and in finance. In 2010 and 2012 she was the chair of the media committee of the \u010cLFA and in 2010 she was a finalist in the Manager of the Year competition. For the past 4 years she has worked for recycling companies, specifically for Mangan Chvaletice 2019-2020 and Nafigate Corporation. In the latter, she was responsible for the Hydal Coffee project as Project Manager.<\/p>\n[\/vc_column_text][\/vc_column][\/vc_row][vc_row][vc_column][vc_empty_space][\/vc_column][\/vc_row][vc_row][vc_column][vc_row_inner][vc_column_inner width=&#8221;1\/3&#8243;][vc_column_text]\n<p style=\"text-align: center;\"><strong>Billing information:<\/strong><br \/>\nCzech Business Council for Sustainable Development<br \/>\nV\u00e1clavsk\u00e9 n\u00e1m\u011bst\u00ed 796\/42<br \/>\n110&nbsp;00 Prague \u2013 Nov\u00e9 M\u011bsto<br \/>\nCzech Republic<\/p>\n[\/vc_column_text][\/vc_column_inner][vc_column_inner width=&#8221;1\/3&#8243;][vc_column_text]\n<p style=\"text-align: center;\"><strong>Mailing address:<\/strong><br \/>\nCzech Business Council for Sustainable Development<br \/>\n(Czech BCSD)<br \/>\nV\u00e1clavsk\u00e9 n\u00e1m\u011bst\u00ed 796\/42<br \/>\nPrague 110&nbsp;00<\/p>\n[\/vc_column_text][\/vc_column_inner][vc_column_inner width=&#8221;1\/3&#8243;][vc_column_text]\n<p style=\"text-align: center;\">ID: 22613081<br \/>\nDIC: CZ22613081<br \/>\nData box number 2rrr5d<br \/>\nAccount No. 107 &#8211; 3877910207\/0100<\/p>\n[\/vc_column_text][\/vc_column_inner][\/vc_row_inner][\/vc_column][\/vc_row][vc_row][vc_column][vc_empty_space][\/vc_column][\/vc_row][vc_row][vc_column width=&#8221;1\/2&#8243;][vc_column_text]\n<a class=\"mwm-aal-item\" name=\"contact-form\"><\/a><h3 style=\"text-align: center;\">Contact Form<\/h3>\n[\/vc_column_text]\n<div class=\"wpcf7 no-js\" id=\"wpcf7-f12322-o1\" lang=\"cs-CZ\" dir=\"ltr\">\n<div class=\"screen-reader-response\"><p role=\"status\" aria-live=\"polite\" aria-atomic=\"true\"><\/p> <ul><\/ul><\/div>\n<form action=\"\/en\/wp-json\/wp\/v2\/pages\/1173#wpcf7-f12322-o1\" method=\"post\" class=\"wpcf7-form init\" aria-label=\"Kontaktn\u00ed formul\u00e1\u0159\" novalidate=\"novalidate\" data-status=\"init\">\n<div style=\"display: none;\">\n<input type=\"hidden\" name=\"_wpcf7\" value=\"12322\" \/>\n<input type=\"hidden\" name=\"_wpcf7_version\" value=\"5.9.8\" \/>\n<input type=\"hidden\" name=\"_wpcf7_locale\" value=\"cs_CZ\" \/>\n<input type=\"hidden\" name=\"_wpcf7_unit_tag\" value=\"wpcf7-f12322-o1\" \/>\n<input type=\"hidden\" name=\"_wpcf7_container_post\" value=\"0\" \/>\n<input type=\"hidden\" name=\"_wpcf7_posted_data_hash\" value=\"\" \/>\n<input type=\"hidden\" name=\"_wpcf7_recaptcha_response\" value=\"\" \/>\n<\/div>\n<p><label> Name<br \/>\n<span class=\"wpcf7-form-control-wrap\" data-name=\"your-name\"><input size=\"40\" maxlength=\"400\" class=\"wpcf7-form-control wpcf7-text wpcf7-validates-as-required\" aria-required=\"true\" aria-invalid=\"false\" value=\"\" type=\"text\" name=\"your-name\" \/><\/span> <\/label>\n<\/p>\n<p><label> E-mail<br \/>\n<span class=\"wpcf7-form-control-wrap\" data-name=\"your-email\"><input size=\"40\" maxlength=\"400\" class=\"wpcf7-form-control wpcf7-email wpcf7-validates-as-required wpcf7-text wpcf7-validates-as-email\" aria-required=\"true\" aria-invalid=\"false\" value=\"\" type=\"email\" name=\"your-email\" \/><\/span> <\/label>\n<\/p>\n<p><label> Message<br \/>\n<span class=\"wpcf7-form-control-wrap\" data-name=\"your-message\"><textarea cols=\"40\" rows=\"10\" maxlength=\"2000\" class=\"wpcf7-form-control wpcf7-textarea wpcf7-validates-as-required\" aria-required=\"true\" aria-invalid=\"false\" name=\"your-message\"><\/textarea><\/span> <\/label>\n<\/p>\n<p><input class=\"wpcf7-form-control wpcf7-submit has-spinner\" type=\"submit\" value=\"Send\" \/>\n<\/p><p style=\"display: none !important;\" class=\"akismet-fields-container\" data-prefix=\"_wpcf7_ak_\"><label>&#916;<textarea name=\"_wpcf7_ak_hp_textarea\" cols=\"45\" rows=\"8\" maxlength=\"100\"><\/textarea><\/label><input type=\"hidden\" id=\"ak_js_1\" name=\"_wpcf7_ak_js\" value=\"17\"\/><script>document.getElementById( \"ak_js_1\" ).setAttribute( \"value\", ( new Date() ).getTime() );<\/script><\/p><div class=\"wpcf7-response-output\" aria-hidden=\"true\"><\/div>\n<\/form>\n<\/div>\n[\/vc_column][vc_column width=&#8221;1\/2&#8243;][vc_column_text]\n<p style=\"text-align: center;\"><strong>Address:<\/strong> V\u00e1clavsk\u00e9 n\u00e1m\u011bst\u00ed 796\/42, 110&nbsp;00 Prague \u2013 Nov\u00e9 M\u011bsto, service entrance from \u0160t\u011bp\u00e1nsk\u00e1 Stree<\/p>\n[\/vc_column_text][vc_gmaps link=&#8221;#E-8_JTNDaWZyYW1lJTIwc3JjJTNEJTIyaHR0cHMlM0ElMkYlMkZ3d3cuZ29vZ2xlLmNvbSUyRm1hcHMlMkZlbWJlZCUzRnBiJTNEJTIxMW0xOCUyMTFtMTIlMjExbTMlMjExZDI1NjAuNDM2NTY0ODkyMTE3NSUyMTJkMTQuNDY3ODcwMjE1ODU3MzE2JTIxM2Q1MC4wNzgxMTI3MjIwMDQwNjQlMjEybTMlMjExZjAlMjEyZjAlMjEzZjAlMjEzbTIlMjExaTEwMjQlMjEyaTc2OCUyMTRmMTMuMSUyMTNtMyUyMTFtMiUyMTFzMHg0NzBiOTM2ZjY0OTRiODk3JTI1M0EweGJhZTQ3Y2QyMDgxMDY4MWMlMjEyc0NyeXN0YWwlMjUyMFByYWd1ZSUyMTVlMCUyMTNtMiUyMTFzY3MlMjEyc2N6JTIxNHYxNjc1OTQ4NTI5Nzk3JTIxNW0yJTIxMXNjcyUyMTJzY3olMjIlMjB3aWR0aCUzRCUyMjYwMCUyMiUyMGhlaWdodCUzRCUyMjQ3MCUyMiUyMHN0eWxlJTNEJTIyYm9yZGVyJTNBMCUzQiUyMiUyMGFsbG93ZnVsbHNjcmVlbiUzRCUyMiUyMiUyMGxvYWRpbmclM0QlMjJsYXp5JTIyJTIwcmVmZXJyZXJwb2xpY3klM0QlMjJuby1yZWZlcnJlci13aGVuLWRvd25ncmFkZSUyMiUzRSUzQyUyRmlmcmFtZSUzRQ==&#8221;][\/vc_column][\/vc_row][vc_row][vc_column][vc_empty_space][\/vc_column][\/vc_row][vc_row][vc_column][vc_single_image image=&#8221;16344&#8243; img_size=&#8221;full&#8221; alignment=&#8221;center&#8221;][\/vc_column][\/vc_row]\n<\/section>","protected":false},"excerpt":{"rendered":"<p>[vc_row][vc_column width=&#8221;1\/3&#8243;][vc_column_text] Secretary General Mgr. Erika Duchanov\u00e1 mob: +420&nbsp;602&nbsp;525&nbsp;836 e-mail: duchanova@cbcsd.cz[\/vc_column_text][\/vc_column][vc_column &#8230; <\/p>\n","protected":false},"author":3,"featured_media":0,"parent":0,"menu_order":0,"comment_status":"closed","ping_status":"closed","template":"","meta":{"footnotes":"","iawp_total_views":0},"_links":{"self":[{"href":"https:\/\/www.cbcsd.cz\/en\/wp-json\/wp\/v2\/pages\/1173"}],"collection":[{"href":"https:\/\/www.cbcsd.cz\/en\/wp-json\/wp\/v2\/pages"}],"about":[{"href":"https:\/\/www.cbcsd.cz\/en\/wp-json\/wp\/v2\/types\/page"}],"author":[{"embeddable":true,"href":"https:\/\/www.cbcsd.cz\/en\/wp-json\/wp\/v2\/users\/3"}],"replies":[{"embeddable":true,"href":"https:\/\/www.cbcsd.cz\/en\/wp-json\/wp\/v2\/comments?post=1173"}],"version-history":[{"count":27,"href":"https:\/\/www.cbcsd.cz\/en\/wp-json\/wp\/v2\/pages\/1173\/revisions"}],"predecessor-version":[{"id":16505,"href":"https:\/\/www.cbcsd.cz\/en\/wp-json\/wp\/v2\/pages\/1173\/revisions\/16505"}],"wp:attachment":[{"href":"https:\/\/www.cbcsd.cz\/en\/wp-json\/wp\/v2\/media?parent=1173"}],"curies":[{"name":"wp","href":"https:\/\/api.w.org\/{rel}","templated":true}]}}