{"id":16370,"date":"2023-09-02T11:02:05","date_gmt":"2023-09-02T09:02:05","guid":{"rendered":"https:\/\/www.cbcsd.cz\/?page_id=16370"},"modified":"2026-04-13T13:35:45","modified_gmt":"2026-04-13T11:35:45","slug":"dodavatelsky-retezec-en","status":"publish","type":"page","link":"https:\/\/www.cbcsd.cz\/en\/pracovni-skupiny-en\/dodavatelsky-retezec-en\/","title":{"rendered":"Supply Chain"},"content":{"rendered":"<section class=\"wpb-content-wrapper\">[vc_row css=&#8221;.vc_custom_1693648190499{margin-top: -25px !important;}&#8221;][vc_column][vc_empty_space][vc_column_text css=&#8221;.vc_custom_1776080123265{margin-bottom: -5px !important;}&#8221;]\n<a class=\"mwm-aal-item\" name=\"working-group-supply-chain\"><\/a><h2>Working Group <span style=\"color: #03a757;\">Supply Chain<\/span><\/h2>\n[\/vc_column_text][vc_row_inner][vc_column_inner width=&#8221;2\/3&#8243;][vc_column_text]<strong>Guarantor of the Presidium of the Czech BCSD<\/strong><br \/>\n<a href=\"https:\/\/www.cbcsd.cz\/o-nas\/osobnosti-organizace\/#hana_kovarova\">Hana Kov\u00e1\u0159ov\u00e1<\/a><br \/>\n<a href=\"https:\/\/www.cbcsd.cz\/o-nas\/osobnosti-organizace\/#michaela_chaloupkova2\">Michaela Chaloupkov\u00e1<\/a><\/p>\n<p><strong>Group Leader<br \/>\n<\/strong><a href=\"https:\/\/www.cbcsd.cz\/osobnosti-organizace\/#zuzana_sillerova\">Zuzana \u0160illerov\u00e1<\/a><\/p>\n<p><strong>Establishment of the Supply Chain Working Group<\/strong><br \/>\n2024<\/p>\n<p><strong>Contact person<\/strong><br \/>\n<a href=\"https:\/\/www.cbcsd.cz\/osobnosti-organizace\/#erika_duchanova\">Erika Duchanov\u00e1<\/a> (<a href=\"mailto:duchanova@cbcsd.cz\" target=\"_blank\" rel=\"noopener\">duchanova@cbcsd.cz<\/a>)[\/vc_column_text][\/vc_column_inner][vc_column_inner width=&#8221;1\/3&#8243;][vc_single_image image=&#8221;15827&#8243; img_size=&#8221;300&#215;300&#8243; alignment=&#8221;center&#8221;][\/vc_column_inner][\/vc_row_inner][vc_empty_space][\/vc_column][\/vc_row][vc_row full_width=&#8221;stretch_row&#8221; css=&#8221;.vc_custom_1693649655203{background-color: #eeeeee !important;}&#8221;][vc_column][vc_empty_space height=&#8221;22px&#8221;][vc_column_text]\n<a class=\"mwm-aal-item\" name=\"group-documents\"><\/a><h2>Group documents<\/h2>\n<ul>\n<li><strong><a href=\"https:\/\/www.cbcsd.cz\/wp-content\/uploads\/2024\/11\/Strategicka-vyzkumna-agenda-Technologicke-platformy-pro-udrzitelnost_FIN.pdf\" target=\"_blank\" rel=\"noopener\">Strategic Research Agenda of the Technology Platform for Sustainability<\/a><\/strong><\/li>\n<li><strong><a href=\"https:\/\/www.cbcsd.cz\/wp-content\/uploads\/2024\/01\/PS_Scope_3_harmongram.pdf\" target=\"_blank\" rel=\"noopener\">Timetable for the standardisation of reporting and reporting methodologies<\/a><\/strong><\/li>\n<li><a href=\"https:\/\/www.cbcsd.cz\/wp-content\/uploads\/2024\/01\/PS_Scope_3_navrh-metodiky.pdf\" target=\"_blank\" rel=\"noopener\"><strong>Proposals for the unification of the methods of reporting on sustainability<\/strong><\/a><\/li>\n<\/ul>\n[\/vc_column_text][vc_empty_space height=&#8221;12px&#8221;][\/vc_column][\/vc_row][vc_row][vc_column][vc_empty_space][vc_column_text]\n<a class=\"mwm-aal-item\" name=\"preamble-of-the-working-group\"><\/a><h2>Preamble of the Working Group<\/h2>\n<p>&#8211; to be specified &#8211;<\/p>\n<a class=\"mwm-aal-item\" name=\"top-topics\"><\/a><h3>Top topics<\/h3>\n<ul type=\"disc\">\n<li class=\"-wm-MsoNormal\">Collection and consolidation of data for Scope 3 reporting according to new legislative requirements e.g. Accounting Act (use of CRIF &#8211; shared bank questionnaire), CSI (HK), non-financial report data (in the future).<\/li>\n<li>IT support for automation.<\/li>\n<li>Defining a uniform data standard, keeping it up to date and accurate.<\/li>\n<li>Standard for calculation of carbon footprint (e.g. GHG) and data access by individual entities.<\/li>\n<\/ul>\n<a class=\"mwm-aal-item\" name=\"objectives-activities\"><\/a><h3>Objectives\/activities<\/h3>\n<ul type=\"disc\">\n<li class=\"-wm-MsoNormal\">Mapping the range of questions for the survey by sector\/business size (by materiality &#8211; ESRS &#8211; reporting as early as 2024).<\/li>\n<li>Compliance with auditors&#8217; requirements for granularity Scope 3 &#8211; defining the carbon footprint calculation (if not documented).<\/li>\n<li>Defining the principles of sharing with respect to GDPR and also defining the principles of updating\/verifying data accuracy.<\/li>\n<\/ul>\n[\/vc_column_text][vc_empty_space height=&#8221;62px&#8221;][\/vc_column][\/vc_row][vc_row full_width=&#8221;stretch_row&#8221; css=&#8221;.vc_custom_1693649683137{background-color: #eeeeee !important;}&#8221;][vc_column][vc_empty_space][vc_column_text]\n<a class=\"mwm-aal-item\" name=\"group-meeting\"><\/a><h2>Group meeting<\/h2>\n[\/vc_column_text][vc_row_inner css=&#8221;.vc_custom_1740432984871{margin-top: -50px !important;}&#8221;][vc_column_inner width=&#8221;1\/6&#8243;][vc_column_text]\n<a class=\"mwm-aal-item\" name=\"2026\"><\/a><h3 style=\"text-align: center;\">2026<\/h3>\n<p style=\"text-align: center;\"><strong>24.&nbsp;11.&nbsp;2026<br \/>\n29.&nbsp;09.&nbsp;2026<br \/>\n29.&nbsp;07.&nbsp;2026<br \/>\n28.&nbsp;05.&nbsp;2026<br \/>\n12.&nbsp;03.&nbsp;2026<\/strong><\/p>\n[\/vc_column_text][\/vc_column_inner][vc_column_inner width=&#8221;1\/6&#8243;][vc_column_text]\n<a class=\"mwm-aal-item\" name=\"2025\"><\/a><h3 style=\"text-align: center;\">2025<\/h3>\n<p style=\"text-align: center;\"><strong>11.&nbsp;11.&nbsp;2025<br \/>\n16.&nbsp;09.&nbsp;2025<br \/>\n13.&nbsp;05.&nbsp;2025<br \/>\n11.&nbsp;03.&nbsp;2025<br \/>\n14.&nbsp;01.&nbsp;2025<\/strong><\/p>\n[\/vc_column_text][\/vc_column_inner][vc_column_inner width=&#8221;1\/6&#8243;][vc_column_text]\n<a class=\"mwm-aal-item\" name=\"2024\"><\/a><h3 style=\"text-align: center;\">2024<\/h3>\n<p style=\"text-align: center;\"><strong>07.&nbsp;02.&nbsp;2024<\/strong><\/p>\n[\/vc_column_text][\/vc_column_inner][vc_column_inner width=&#8221;1\/6&#8243;][vc_column_text]\n<a class=\"mwm-aal-item\" name=\"2023\"><\/a><h3 style=\"text-align: center;\">2023<\/h3>\n<p style=\"text-align: center;\"><strong>18.&nbsp;10.&nbsp;2023<\/strong><\/p>\n[\/vc_column_text][\/vc_column_inner][vc_column_inner width=&#8221;1\/6&#8243;][\/vc_column_inner][vc_column_inner width=&#8221;1\/6&#8243;][\/vc_column_inner][\/vc_row_inner][vc_empty_space][\/vc_column][\/vc_row][vc_row][vc_column][vc_empty_space][vc_column_text]\n<a class=\"mwm-aal-item\" name=\"members-of-the-group\"><\/a><h2>Members of the Group<\/h2>\n<p>&#8211; to be specified -[\/vc_column_text][vc_empty_space][\/vc_column][\/vc_row]\n<\/section>","protected":false},"excerpt":{"rendered":"<p>[vc_row css=&#8221;.vc_custom_1693648190499{margin-top: -25px !important;}&#8221;][vc_column][vc_empty_space][vc_column_text css=&#8221;.vc_custom_1776080123265{margin-bottom: -5px !important;}&#8221;] Working Group Supply Chain &#8230; <\/p>\n","protected":false},"author":1,"featured_media":0,"parent":16359,"menu_order":0,"comment_status":"closed","ping_status":"closed","template":"","meta":{"footnotes":"","iawp_total_views":0},"_links":{"self":[{"href":"https:\/\/www.cbcsd.cz\/en\/wp-json\/wp\/v2\/pages\/16370"}],"collection":[{"href":"https:\/\/www.cbcsd.cz\/en\/wp-json\/wp\/v2\/pages"}],"about":[{"href":"https:\/\/www.cbcsd.cz\/en\/wp-json\/wp\/v2\/types\/page"}],"author":[{"embeddable":true,"href":"https:\/\/www.cbcsd.cz\/en\/wp-json\/wp\/v2\/users\/1"}],"replies":[{"embeddable":true,"href":"https:\/\/www.cbcsd.cz\/en\/wp-json\/wp\/v2\/comments?post=16370"}],"version-history":[{"count":18,"href":"https:\/\/www.cbcsd.cz\/en\/wp-json\/wp\/v2\/pages\/16370\/revisions"}],"predecessor-version":[{"id":20136,"href":"https:\/\/www.cbcsd.cz\/en\/wp-json\/wp\/v2\/pages\/16370\/revisions\/20136"}],"up":[{"embeddable":true,"href":"https:\/\/www.cbcsd.cz\/en\/wp-json\/wp\/v2\/pages\/16359"}],"wp:attachment":[{"href":"https:\/\/www.cbcsd.cz\/en\/wp-json\/wp\/v2\/media?parent=16370"}],"curies":[{"name":"wp","href":"https:\/\/api.w.org\/{rel}","templated":true}]}}