{"id":16374,"date":"2023-09-02T11:01:25","date_gmt":"2023-09-02T09:01:25","guid":{"rendered":"https:\/\/www.cbcsd.cz\/?page_id=16374"},"modified":"2026-02-04T14:24:44","modified_gmt":"2026-02-04T12:24:44","slug":"obehove-hospodarstvi-en","status":"publish","type":"page","link":"https:\/\/www.cbcsd.cz\/en\/pracovni-skupiny-en\/obehove-hospodarstvi-en\/","title":{"rendered":"Circular Economy"},"content":{"rendered":"<section class=\"wpb-content-wrapper\">[vc_row css=&#8221;.vc_custom_1693648190499{margin-top: -25px !important;}&#8221;][vc_column][vc_empty_space][vc_column_text css=&#8221;.vc_custom_1740045289815{margin-bottom: -5px !important;}&#8221;]\n<a class=\"mwm-aal-item\" name=\"working-group-circular-economy\"><\/a><h2>Working Group <span style=\"color: #03a757;\">Circular Economy<\/span><\/h2>\n[\/vc_column_text][vc_row_inner][vc_column_inner width=&#8221;1\/2&#8243;][vc_column_text]<strong>Guarantor of the Presidium of the Czech BCSD<\/strong><br \/>\n<a href=\"https:\/\/www.cbcsd.cz\/o-nas\/osobnosti-organizace\/#jan_sura\">Jan S\u016fra<\/a><\/p>\n<p><strong>Group Leader<\/strong><br \/>\n<a href=\"https:\/\/www.cbcsd.cz\/o-nas\/osobnosti-organizace\/#lenka_mynarova\"><strong>Lenka Myn\u00e1\u0159ov\u00e1<\/strong><\/a> (<a href=\"mailto:lenka.mynarova@nafigate.com\">lenka.mynarova@nafigate.com<\/a>)<\/p>\n<p><strong>Establishment of the Circular Economy Working Group<\/strong><br \/>\nThe Working Group of the Circular Economy &#8211; CE was established in 2022, with its foundations being laid as early as 2021<\/p>\n<p><strong>Contact person<\/strong><br \/>\n<a href=\"https:\/\/www.cbcsd.cz\/osobnosti-organizace\/#erika_duchanova\">Erika Duchanov\u00e1<\/a> (<a href=\"mailto:duchanova@cbcsd.cz\" target=\"_blank\" rel=\"noopener\">duchanova@cbcsd.cz<\/a>)[\/vc_column_text][\/vc_column_inner][vc_column_inner width=&#8221;1\/2&#8243;][vc_single_image image=&#8221;15825&#8243; img_size=&#8221;300&#215;300&#8243; alignment=&#8221;center&#8221;][\/vc_column_inner][\/vc_row_inner][vc_empty_space][\/vc_column][\/vc_row][vc_row full_width=&#8221;stretch_row&#8221; css=&#8221;.vc_custom_1693649655203{background-color: #eeeeee !important;}&#8221;][vc_column][vc_empty_space height=&#8221;22px&#8221;][vc_column_text]\n<a class=\"mwm-aal-item\" name=\"group-documents\"><\/a><h2>Group Documents<\/h2>\n<p><strong>&#8230;<\/strong><br \/>\nPowerpoint presentation from the 2023 meeting[\/vc_column_text][vc_empty_space height=&#8221;12px&#8221;][\/vc_column][\/vc_row][vc_row][vc_column][vc_empty_space][vc_column_text]\n<a class=\"mwm-aal-item\" name=\"preamble-of-the-working-group\"><\/a><h2>Preamble of the Working Group<\/h2>\n<p>The Circular Economy Working Group responds to current trends and needs of green transition of companies and the whole economy. Without the circular economy, the necessary changes in business models cannot be achieved, nor can decarbonisation be accomplished. Companies are facing major challenges related to the implementation of CSRD\/ESRS in corporate practice, the EU Taxonomy, the Packaging and Packaging Waste Regulation\/PPWR\/, the Ecodesign Regulation and many others. These new pieces of legislation represent a disruption and require fundamental changes in the way companies do business.<\/p>\n<p>The time for implementation is short, so maximum attention must be paid to examples of good practice, experience sharing and collaboration.[\/vc_column_text][vc_column_text]\n<a class=\"mwm-aal-item\" name=\"objectives-of-the-working-group\"><\/a><h2>Objectives of the Working Group<\/h2>\n<p>The aim of the Circular Economy Working Group is to create a platform dealing with concrete experiences and recommendations in the field of implementation of circular economy principles in companies, quantification of benefits of circular economy in companies, KPI&#8217;s&nbsp;of circularity. Within the working group, a group of sector experts &#8211; specialists in key areas &#8211; is also being formed.<\/p>\n<p>The activities of the platform include the creation and sharing of best practices, industry expertise and experience and the transfer of WBCSD global know-how to the Czech environment.<\/p>\n[\/vc_column_text][vc_column_text]\n<a class=\"mwm-aal-item\" name=\"areas-and-topics\"><\/a><h2>Areas and topics<\/h2>\n<p>In March 2024, a survey was carried out among the platform members on their needs and expectations from the PS. Based on this survey, we have created the following group of topics:<\/p>\n<p><strong>Topic 1 &#8211; application of new legislation<\/strong><\/p>\n<ul>\n<li>Transposition of the amendments into Czech law and related issues<\/li>\n<li>Implementation of EU-wide regulations and delegated acts<\/li>\n<li>Practical problems in terms of application<\/li>\n<\/ul>\n<p><strong>Topic 2 &#8211; implementation of circularity in company processes<\/strong><\/p>\n<ul>\n<li>Relation in particular to CSRD\/ESRS, Ecodesign Regulation<\/li>\n<li>Recommended practices (e.g. CTI v.4.0, RecyClass, etc.)<\/li>\n<\/ul>\n<p><strong>Topic 3 &#8211; Best Practices<\/strong><\/p>\n<ul>\n<li>Sharing examples of good practice<\/li>\n<\/ul>\n<p><strong>Topic 4 &#8211; Digitising Circulation<\/strong><\/p>\n<ul>\n<li>Digital product passports, transparency and verifiability requirements<\/li>\n<li>Creating a data base for ESRS datapoints\/circulation indicators<\/li>\n<\/ul>\n[\/vc_column_text][vc_empty_space height=&#8221;62px&#8221;][\/vc_column][\/vc_row][vc_row full_width=&#8221;stretch_row&#8221; css=&#8221;.vc_custom_1693649683137{background-color: #eeeeee !important;}&#8221;][vc_column][vc_empty_space][vc_column_text]\n<a class=\"mwm-aal-item\" name=\"group-meeting\"><\/a><h2>Group Meeting<\/h2>\n[\/vc_column_text][vc_row_inner css=&#8221;.vc_custom_1740433125968{margin-top: -50px !important;}&#8221;][vc_column_inner width=&#8221;1\/6&#8243;][vc_column_text]\n<a class=\"mwm-aal-item\" name=\"2026\"><\/a><h3 style=\"text-align: center;\">2026<\/h3>\n<p style=\"text-align: center;\"><strong>10.&nbsp;11.&nbsp;2026<br \/>\n15.&nbsp;09.&nbsp;2026<br \/>\n09.&nbsp;06.&nbsp;2026<br \/>\n14.&nbsp;04.&nbsp;2026<br \/>\n10.&nbsp;02.&nbsp;2026<\/strong><\/p>\n[\/vc_column_text][\/vc_column_inner][vc_column_inner width=&#8221;1\/6&#8243;][vc_column_text]\n<a class=\"mwm-aal-item\" name=\"2025\"><\/a><h3 style=\"text-align: center;\">2025<\/h3>\n<p style=\"text-align: center;\"><strong>11.&nbsp;11.&nbsp;2025<br \/>\n09.&nbsp;09.&nbsp;2025<br \/>\n10.&nbsp;06.&nbsp;2025<br \/>\n08.&nbsp;04.&nbsp;2025<br \/>\n11.&nbsp;02.&nbsp;2025<\/strong><\/p>\n[\/vc_column_text][\/vc_column_inner][vc_column_inner width=&#8221;1\/6&#8243;][vc_column_text]\n<a class=\"mwm-aal-item\" name=\"2024\"><\/a><h3 style=\"text-align: center;\">2024<\/h3>\n<p style=\"text-align: center;\"><strong>12.&nbsp;11.&nbsp;2024<br \/>\n10.&nbsp;09.&nbsp;2024<br \/>\n14.&nbsp;05.&nbsp;2024<br \/>\n05.&nbsp;03.&nbsp;2024<br \/>\n10.&nbsp;09.&nbsp;2024<br \/>\n<a href=\"https:\/\/www.cbcsd.cz\/pozvanka-na-jednani-ps-obehove-hospodarstvi-05-03-2024\/\">05.&nbsp;03.&nbsp;2024<\/a><\/strong><\/p>\n[\/vc_column_text][\/vc_column_inner][vc_column_inner width=&#8221;1\/6&#8243;][vc_column_text]\n<a class=\"mwm-aal-item\" name=\"2023\"><\/a><h3 style=\"text-align: center;\">2023<\/h3>\n<p style=\"text-align: center;\"><strong>07.&nbsp;11.&nbsp;2023<br \/>\n<a href=\"https:\/\/www.cbcsd.cz\/4-jednani-pracovni-skupiny-cirkularni-ekonomiky\/\">05.&nbsp;09.&nbsp;2023<\/a><br \/>\n02.&nbsp;05.&nbsp;2023<\/strong><br \/>\n<strong>22.&nbsp;03.&nbsp;2023<\/strong><\/p>\n[\/vc_column_text][\/vc_column_inner][vc_column_inner width=&#8221;1\/6&#8243;][\/vc_column_inner][vc_column_inner width=&#8221;1\/6&#8243;][\/vc_column_inner][\/vc_row_inner][vc_column_text]Dates: the Working Group usually meets 4 times a year (further as needed) and also communicates within the closed MS Teams group.[\/vc_column_text][vc_empty_space][\/vc_column][\/vc_row][vc_row][vc_column][vc_empty_space][vc_column_text]\n<a class=\"mwm-aal-item\" name=\"members-of-the-group\"><\/a><h2>Members of the group<\/h2>\n<a class=\"mwm-aal-item\" name=\"experts-of-the-working-group\"><\/a><h3>Experts of the working group<\/h3>\n[\/vc_column_text][vc_row_inner][vc_column_inner width=&#8221;1\/4&#8243;][vc_single_image image=&#8221;17609&#8243; img_size=&#8221;full&#8221;][\/vc_column_inner][vc_column_inner width=&#8221;3\/4&#8243;][vc_column_text]\n<a class=\"mwm-aal-item\" name=\"ing-marcela-simkova-mba\"><\/a><h4>Ing. Marcela \u0160imkov\u00e1, MBA<\/h4>\n<p>Marcela is <strong>CEO of Data Servis &#8211; informace s.r.o.<\/strong>, which has been supporting marketing, business and innovation activities of companies and brands in FMCG, utilities, telecommunications, pharmaceuticals, gastronomy, tourism, etc.<\/p>\n<p>Marcela has been involved in market research her entire career. Currently, she focuses on the topics of <strong>Circular Economy in HoReCa, Hospitality Vision and Trends in Sustainability, Customer Insight (customer experience and loyalty, communication effectiveness, brand image, quality, sustainability, etc.), Greenwashing and Green Claims brand communication testing, Innovation and Acquisition Impact Evaluation, etc.<\/strong><\/p>\n<p>She has been <strong>researching trends in the HoReCa<\/strong> segment for a long time and strives to improve the world of gastronomy with inspiring and useful information that helps operators and suppliers. She is a professional partner and guarantor of professional associations in the Czech Republic and Slovakia.<\/p>\n<p>Marcela graduated in marketing from the Faculty of Economics at V\u0160B-TU in Ostrava (1995) and in management studies at Dominican University Chicago in the USA (2008).<\/p>\n<p><strong>Data Servis &#8211; informace s.r.o.<\/strong> has been operating on the market of the Czech and Slovak Republics and in Poland since 1998 and thanks to its membership in ESOMAR (a worldwide association of research agencies) it carries out surveys anywhere in the world.<\/p>\n<p><a href=\"http:\/\/www.data-servis.eu\" target=\"_blank\" rel=\"noopener\"><img decoding=\"async\" class=\"alignnone size-full wp-image-17607\" src=\"data:image\/svg+xml,%3Csvg%20xmlns%3D&#39;http%3A%2F%2Fwww.w3.org%2F2000%2Fsvg&#39;%20width=&#39;300&#39;%20height=&#39;133&#39;%20viewBox%3D&#39;0%200%20300%20133&#39;%2F%3E\" data-czlz data-src=\"https:\/\/www.cbcsd.cz\/wp-content\/uploads\/2024\/09\/logo_data_servis.png\" alt=\"\" width=\"300\" height=\"133\" \/><\/a><br \/>\n<a href=\"http:\/\/www.data-servis.eu\" target=\"_blank\" rel=\"noopener\">www.data-servis.eu<\/a>[\/vc_column_text][\/vc_column_inner][\/vc_row_inner][vc_row_inner][vc_column_inner width=&#8221;1\/4&#8243;][vc_single_image image=&#8221;17634&#8243; img_size=&#8221;full&#8221; onclick=&#8221;img_link_large&#8221;][\/vc_column_inner][vc_column_inner width=&#8221;3\/4&#8243;][vc_column_text]\n<a class=\"mwm-aal-item\" name=\"ing-jiri-stefanica-phdenergy-innovation-specialist\"><\/a><h4>Ing. Ji\u0159\u00ed \u0160tefanica, Ph.D.<br \/>\nEnergy Innovation Specialist<\/h4>\n<p>\u00daJV \u0158e\u017e, a. s.<br \/>\nDepartment of Hydrogen Technology and Innovation in Energy<br \/>\nHlavn\u00ed 130, \u0158e\u017e<br \/>\n250&nbsp;68 Husinec<\/p>\n<p>Phone: + 420&nbsp;266&nbsp;173&nbsp;564<br \/>\nMob: +420&nbsp;728&nbsp;644&nbsp;942<br \/>\nE-mail: <a href=\"mailto:jiri.stefanica@ujv.cz\">jiri.stefanica@ujv.cz<\/a><\/p>\n<p><strong>Ji\u0159\u00ed \u0160tefanica <\/strong>has been working at \u00daJV \u0158e\u017e, a. s. since 2012, currently as an Innovation Specialist in the energy sector. He has more than 12 years of experience in the energy sector and can draw on the know-how of his colleagues at \u00daJV \u0158e\u017e, a. s., a leading Czech company in the field of project and engineering services in the energy and industrial sectors.<\/p>\n<p>Ji\u0159\u00ed is a graduate of the Faculty of Mechanical Engineering of the Czech Technical University, Institute of Power Engineering, where he received his Ph.D. degree in 2020.<\/p>\n<p>Since joining the Institute, he has been involved in research projects and commercial contracts in the energy sector. His main effort is to combine knowledge from research and industrial practice to prepare and support the implementation of innovative projects in the energy sector, focusing on feasibility studies, LCA studies and economic analysis of energy technologies.[\/vc_column_text][\/vc_column_inner][\/vc_row_inner][vc_column_text]\n<a class=\"mwm-aal-item\" name=\"list-of-working-group-members\"><\/a><h3>List of working group members<\/h3>\n[\/vc_column_text][vc_column_text]\n<table class=\"-wm-MsoNormalTable\" border=\"0\" width=\"400\" cellspacing=\"0\" cellpadding=\"0\">\n<tbody>\n<tr>\n<td nowrap=\"nowrap\" width=\"185\">\n<p class=\"-wm-MsoNormal\" style=\"text-align: center;\">Pavla Vrabcova<\/p>\n<\/td>\n<td style=\"text-align: center;\" nowrap=\"nowrap\" width=\"215\">\n<p class=\"-wm-MsoNormal\">Technick\u00e1 univerzita Liberec<\/p>\n<\/td>\n<\/tr>\n<tr>\n<td style=\"text-align: center;\" valign=\"bottom\" nowrap=\"nowrap\" width=\"185\">\n<p class=\"-wm-MsoNormal\">Pavel R\u016f\u017ei\u010dka<\/p>\n<\/td>\n<td style=\"text-align: center;\" valign=\"bottom\" nowrap=\"nowrap\" width=\"215\">\n<p class=\"-wm-MsoNormal\">Enviros<\/p>\n<\/td>\n<\/tr>\n<tr>\n<td style=\"text-align: center;\" valign=\"bottom\" nowrap=\"nowrap\" width=\"185\">\n<p class=\"-wm-MsoNormal\">Roman Snop<\/p>\n<\/td>\n<td style=\"text-align: center;\" nowrap=\"nowrap\" width=\"215\">\n<p class=\"-wm-MsoNormal\">\u010cEZ<\/p>\n<\/td>\n<\/tr>\n<tr>\n<td style=\"text-align: center;\" valign=\"bottom\" nowrap=\"nowrap\" width=\"185\">\n<p class=\"-wm-MsoNormal\">Edita Mil\u00e1\u010dkov\u00e1<\/p>\n<\/td>\n<td style=\"text-align: center;\" valign=\"bottom\" nowrap=\"nowrap\" width=\"215\">\n<p class=\"-wm-MsoNormal\">Metrostav<\/p>\n<\/td>\n<\/tr>\n<tr>\n<td style=\"text-align: center;\" valign=\"bottom\" nowrap=\"nowrap\" width=\"185\">\n<p class=\"-wm-MsoNormal\">Roman Dufek<\/p>\n<\/td>\n<td style=\"text-align: center;\" valign=\"bottom\" nowrap=\"nowrap\" width=\"215\">\n<p class=\"-wm-MsoNormal\">M\u00e9n\u011b odpadu<\/p>\n<\/td>\n<\/tr>\n<tr>\n<td style=\"text-align: center;\" valign=\"bottom\" nowrap=\"nowrap\" width=\"185\">\n<p class=\"-wm-MsoNormal\">Rollov\u00e1 Stanislava<\/p>\n<\/td>\n<td style=\"text-align: center;\" valign=\"bottom\" nowrap=\"nowrap\" width=\"215\">\n<p class=\"-wm-MsoNormal\">VUMO<\/p>\n<\/td>\n<\/tr>\n<tr>\n<td style=\"text-align: center;\" valign=\"bottom\" nowrap=\"nowrap\" width=\"185\">\n<p class=\"-wm-MsoNormal\">V\u00e1clav Kr\u00e1l<\/p>\n<\/td>\n<td style=\"text-align: center;\" valign=\"bottom\" nowrap=\"nowrap\" width=\"215\">\n<p class=\"-wm-MsoNormal\">Tepl\u00e1rna \u010cB<\/p>\n<\/td>\n<\/tr>\n<tr>\n<td style=\"text-align: center;\" valign=\"bottom\" nowrap=\"nowrap\" width=\"185\">\n<p class=\"-wm-MsoNormal\">Olga Girstlova<\/p>\n<\/td>\n<td style=\"text-align: center;\" valign=\"bottom\" nowrap=\"nowrap\" width=\"215\">\n<p class=\"-wm-MsoNormal\">\u010cMA<\/p>\n<\/td>\n<\/tr>\n<tr>\n<td style=\"text-align: center;\" valign=\"bottom\" nowrap=\"nowrap\" width=\"185\">\n<p class=\"-wm-MsoNormal\">Pavlina Kulh\u00e1nkov\u00e1<\/p>\n<\/td>\n<td style=\"text-align: center;\" valign=\"bottom\" nowrap=\"nowrap\" width=\"215\">\n<p class=\"-wm-MsoNormal\">MPO<\/p>\n<\/td>\n<\/tr>\n<tr>\n<td style=\"text-align: center;\" valign=\"bottom\" nowrap=\"nowrap\" width=\"185\">\n<p class=\"-wm-MsoNormal\">Franti\u0161ek Krej\u010d\u00ed<\/p>\n<\/td>\n<td style=\"text-align: center;\" valign=\"bottom\" nowrap=\"nowrap\" width=\"215\">\n<p class=\"-wm-MsoNormal\">Amazoneta Energy<\/p>\n<\/td>\n<\/tr>\n<tr>\n<td style=\"text-align: center;\" valign=\"bottom\" nowrap=\"nowrap\" width=\"185\">\n<p class=\"-wm-MsoNormal\">Majringer Patrik<\/p>\n<\/td>\n<td style=\"text-align: center;\" valign=\"bottom\" nowrap=\"nowrap\" width=\"215\">\n<p class=\"-wm-MsoNormal\">Biohemp<\/p>\n<\/td>\n<\/tr>\n<tr>\n<td style=\"text-align: center;\" valign=\"bottom\" nowrap=\"nowrap\" width=\"185\">\n<p class=\"-wm-MsoNormal\">Tom\u00e1\u0161 Ros\u00e1k<\/p>\n<\/td>\n<td style=\"text-align: center;\" valign=\"bottom\" nowrap=\"nowrap\" width=\"215\">\n<p class=\"-wm-MsoNormal\">Saint Gobain<\/p>\n<\/td>\n<\/tr>\n<tr>\n<td style=\"text-align: center;\" valign=\"bottom\" nowrap=\"nowrap\" width=\"185\">\n<p class=\"-wm-MsoNormal\">Lucie Valterov\u00e1<\/p>\n<\/td>\n<td style=\"text-align: center;\" valign=\"bottom\" nowrap=\"nowrap\" width=\"215\">\n<p class=\"-wm-MsoNormal\">Saint Gobain<\/p>\n<\/td>\n<\/tr>\n<tr>\n<td style=\"text-align: center;\" nowrap=\"nowrap\" width=\"185\">\n<p class=\"-wm-MsoNormal\">Ing.arch. Petr \u0160t\u011bp\u00e1nek<\/p>\n<\/td>\n<td style=\"text-align: center;\" nowrap=\"nowrap\" width=\"215\">\n<p class=\"-wm-MsoNormal\">Centrum pro Udr\u017eitelnost, V\u0160CHT<\/p>\n<\/td>\n<\/tr>\n<tr>\n<td style=\"text-align: center;\" valign=\"bottom\" nowrap=\"nowrap\" width=\"185\">\n<p class=\"-wm-MsoNormal\">Ing. Jan Gemrich<\/p>\n<\/td>\n<td style=\"text-align: center;\" valign=\"bottom\" nowrap=\"nowrap\" width=\"215\">\n<p class=\"-wm-MsoNormal\">Cement\u00e1\u0159sk\u00e1 Asociace<\/p>\n<\/td>\n<\/tr>\n<tr>\n<td style=\"text-align: center;\" valign=\"bottom\" nowrap=\"nowrap\" width=\"185\">\n<p class=\"-wm-MsoNormal\">Valentin Girstl<\/p>\n<\/td>\n<td style=\"text-align: center;\" valign=\"bottom\" nowrap=\"nowrap\" width=\"215\">\n<p class=\"-wm-MsoNormal\">Upcycling Group<\/p>\n<\/td>\n<\/tr>\n<tr>\n<td style=\"text-align: center;\" valign=\"bottom\" nowrap=\"nowrap\" width=\"185\">\n<p class=\"-wm-MsoNormal\">R\u016f\u017ei\u010dka Pavel,Ing.<\/p>\n<\/td>\n<td style=\"text-align: center;\" valign=\"bottom\" nowrap=\"nowrap\" width=\"215\">\n<p class=\"-wm-MsoNormal\">EMPRESS, o.s.<\/p>\n<\/td>\n<\/tr>\n<tr>\n<td style=\"text-align: center;\" valign=\"bottom\" nowrap=\"nowrap\" width=\"185\">\n<p class=\"-wm-MsoNormal\">Dufek Robin<\/p>\n<\/td>\n<td style=\"text-align: center;\" valign=\"bottom\" nowrap=\"nowrap\" width=\"215\">\n<p class=\"-wm-MsoNormal\">Meneodpadu.cz<\/p>\n<\/td>\n<\/tr>\n<tr>\n<td style=\"text-align: center;\" width=\"185\">\n<p class=\"-wm-MsoNormal\">Hors\u00e1k Zden\u011bk<\/p>\n<\/td>\n<td style=\"text-align: center;\" width=\"215\">\n<p class=\"-wm-MsoNormal\">SUEZ<\/p>\n<\/td>\n<\/tr>\n<tr>\n<td style=\"text-align: center;\" valign=\"bottom\" nowrap=\"nowrap\" width=\"185\">\n<p class=\"-wm-MsoNormal\">Michal \u0160yc<\/p>\n<\/td>\n<td style=\"text-align: center;\" valign=\"bottom\" nowrap=\"nowrap\" width=\"215\">\n<p class=\"-wm-MsoNormal\">AV \u010cR<\/p>\n<\/td>\n<\/tr>\n<tr>\n<td style=\"text-align: center;\" valign=\"bottom\" nowrap=\"nowrap\" width=\"185\">\n<p class=\"-wm-MsoNormal\">P\u0159ibyla Ondr\u00e1\u0161<\/p>\n<\/td>\n<td style=\"text-align: center;\" valign=\"bottom\" nowrap=\"nowrap\" width=\"215\">\n<p class=\"-wm-MsoNormal\">Fakta o klimatu<\/p>\n<\/td>\n<\/tr>\n<tr>\n<td style=\"text-align: center;\" valign=\"bottom\" nowrap=\"nowrap\" width=\"185\">\n<p class=\"-wm-MsoNormal\">Pik\u00e1lek Josef<\/p>\n<\/td>\n<td style=\"text-align: center;\" valign=\"bottom\" nowrap=\"nowrap\" width=\"215\">\n<p class=\"-wm-MsoNormal\">Enviros<\/p>\n<\/td>\n<\/tr>\n<tr>\n<td style=\"text-align: center;\" valign=\"bottom\" nowrap=\"nowrap\" width=\"185\">\n<p class=\"-wm-MsoNormal\">Rollov\u00e1 Stanislava<\/p>\n<\/td>\n<td style=\"text-align: center;\" valign=\"bottom\" nowrap=\"nowrap\" width=\"215\">\n<p class=\"-wm-MsoNormal\">VUMO<\/p>\n<\/td>\n<\/tr>\n<tr>\n<td style=\"text-align: center;\" nowrap=\"nowrap\" width=\"185\">\n<p class=\"-wm-MsoNormal\">Manhart Jarom\u00edr<\/p>\n<\/td>\n<td style=\"text-align: center;\" nowrap=\"nowrap\" width=\"215\">\n<p class=\"-wm-MsoNormal\">SF\u017dP<\/p>\n<\/td>\n<\/tr>\n<tr>\n<td style=\"text-align: center;\" valign=\"bottom\" nowrap=\"nowrap\" width=\"185\">\n<p class=\"-wm-MsoNormal\">Havr\u00e1nek Miroslav<\/p>\n<\/td>\n<td style=\"text-align: center;\" valign=\"bottom\" nowrap=\"nowrap\" width=\"215\">\n<p class=\"-wm-MsoNormal\">CENIA<\/p>\n<\/td>\n<\/tr>\n<tr>\n<td style=\"text-align: center;\" valign=\"bottom\" nowrap=\"nowrap\" width=\"185\">\n<p class=\"-wm-MsoNormal\">Kr\u00e1l V\u00e1clav<\/p>\n<\/td>\n<td style=\"text-align: center;\" valign=\"bottom\" nowrap=\"nowrap\" width=\"215\">\n<p class=\"-wm-MsoNormal\">Jiho\u010desk\u00e1 tepl\u00e1rna<\/p>\n<\/td>\n<\/tr>\n<tr>\n<td style=\"text-align: center;\" valign=\"bottom\" nowrap=\"nowrap\" width=\"185\">\n<p class=\"-wm-MsoNormal\">\u010cern\u00e1 Veronika<\/p>\n<\/td>\n<td style=\"text-align: center;\" valign=\"bottom\" nowrap=\"nowrap\" width=\"215\">\n<p class=\"-wm-MsoNormal\">SKANSKA<\/p>\n<\/td>\n<\/tr>\n<tr>\n<td style=\"text-align: center;\" nowrap=\"nowrap\" width=\"185\">\n<p class=\"-wm-MsoNormal\">Gal Leo\u0161<\/p>\n<\/td>\n<td style=\"text-align: center;\" width=\"215\">\n<p class=\"-wm-MsoNormal\">\u010cESK\u00c1 TECHNOLOGICK\u00c1 PLATFORMA PRO BIOPALIVA<\/p>\n<\/td>\n<\/tr>\n<tr>\n<td style=\"text-align: center;\" nowrap=\"nowrap\" width=\"185\">\n<p class=\"-wm-MsoNormal\">K\u00e1rn\u00edkov\u00e1 Anna<\/p>\n<\/td>\n<td style=\"text-align: center;\" nowrap=\"nowrap\" width=\"215\">\n<p class=\"-wm-MsoNormal\">Hnut\u00ed DUHA<\/p>\n<\/td>\n<\/tr>\n<tr>\n<td style=\"text-align: center;\" nowrap=\"nowrap\" width=\"185\">\n<p class=\"-wm-MsoNormal\">Majringer Patrik<\/p>\n<\/td>\n<td style=\"text-align: center;\" nowrap=\"nowrap\" width=\"215\">\n<p class=\"-wm-MsoNormal\">Konop\u00ed Biohemp<\/p>\n<\/td>\n<\/tr>\n<tr>\n<td style=\"text-align: center;\" valign=\"bottom\" nowrap=\"nowrap\" width=\"185\">\n<p class=\"-wm-MsoNormal\">Viktor Rusov<\/p>\n<\/td>\n<td style=\"text-align: center;\" valign=\"bottom\" nowrap=\"nowrap\" width=\"215\">\n<p class=\"-wm-MsoNormal\">Saint Gobain<\/p>\n<\/td>\n<\/tr>\n<tr>\n<td style=\"text-align: center;\" valign=\"bottom\" nowrap=\"nowrap\" width=\"185\">\n<p class=\"-wm-MsoNormal\">Barbora Vobo\u0159ilova<\/p>\n<\/td>\n<td style=\"text-align: center;\" valign=\"bottom\" nowrap=\"nowrap\" width=\"215\">\n<p class=\"-wm-MsoNormal\">URV<\/p>\n<\/td>\n<\/tr>\n<tr>\n<td style=\"text-align: center;\" valign=\"bottom\" nowrap=\"nowrap\" width=\"185\">\n<p class=\"-wm-MsoNormal\">Barbora Ger\u0161lova<\/p>\n<\/td>\n<td style=\"text-align: center;\" valign=\"bottom\" nowrap=\"nowrap\" width=\"215\">\n<p class=\"-wm-MsoNormal\">IKEA<\/p>\n<\/td>\n<\/tr>\n<tr>\n<td style=\"text-align: center;\" valign=\"bottom\" nowrap=\"nowrap\" width=\"185\">\n<p class=\"-wm-MsoNormal\">Radek Ho\u0159enovsk\u00fd<\/p>\n<\/td>\n<td style=\"text-align: center;\" valign=\"bottom\" nowrap=\"nowrap\" width=\"215\">\n<p class=\"-wm-MsoNormal\">Euro forum Group<\/p>\n<\/td>\n<\/tr>\n<tr>\n<td style=\"text-align: center;\" valign=\"bottom\" nowrap=\"nowrap\" width=\"185\">\n<p class=\"-wm-MsoNormal\">Ale\u0161 Rod<\/p>\n<\/td>\n<td style=\"text-align: center;\" valign=\"bottom\" nowrap=\"nowrap\" width=\"215\">\n<p class=\"-wm-MsoNormal\">ECETA<\/p>\n<\/td>\n<\/tr>\n<tr>\n<td style=\"text-align: center;\" valign=\"bottom\" nowrap=\"nowrap\" width=\"185\">\n<p class=\"-wm-MsoNormal\">Petr Mitura<\/p>\n<\/td>\n<td style=\"text-align: center;\" valign=\"bottom\" nowrap=\"nowrap\" width=\"215\">\n<p class=\"-wm-MsoNormal\">BR Group<\/p>\n<\/td>\n<\/tr>\n<tr>\n<td style=\"text-align: center;\" valign=\"bottom\" nowrap=\"nowrap\" width=\"185\">\n<p class=\"-wm-MsoNormal\">P. Siles<\/p>\n<\/td>\n<td style=\"text-align: center;\" valign=\"bottom\" nowrap=\"nowrap\" width=\"215\">\n<p class=\"-wm-MsoNormal\">Bioplyn energy<\/p>\n<\/td>\n<\/tr>\n<tr>\n<td style=\"text-align: center;\" valign=\"bottom\" nowrap=\"nowrap\" width=\"185\">\n<p class=\"-wm-MsoNormal\">Marketa Bezuchova<\/p>\n<\/td>\n<td style=\"text-align: center;\" valign=\"bottom\" nowrap=\"nowrap\" width=\"215\">\n<p class=\"-wm-MsoNormal\">Deloitte<\/p>\n<\/td>\n<\/tr>\n<tr>\n<td style=\"text-align: center;\" valign=\"bottom\" nowrap=\"nowrap\" width=\"185\">\n<p class=\"-wm-MsoNormal\">Laura Mitrolisova<\/p>\n<\/td>\n<td style=\"text-align: center;\" valign=\"bottom\" nowrap=\"nowrap\" width=\"215\">\n<p class=\"-wm-MsoNormal\">CEO, Cira Advisory<\/p>\n<\/td>\n<\/tr>\n<tr>\n<td style=\"text-align: center;\" valign=\"bottom\" nowrap=\"nowrap\" width=\"185\">\n<p class=\"-wm-MsoNormal\">Benjamin Hague<\/p>\n<\/td>\n<td style=\"text-align: center;\" valign=\"bottom\" nowrap=\"nowrap\" width=\"215\">\n<p class=\"-wm-MsoNormal\">INCIEN<\/p>\n<\/td>\n<\/tr>\n<tr>\n<td style=\"text-align: center;\" nowrap=\"nowrap\" width=\"185\">\n<p class=\"-wm-MsoNormal\">Simona Hrachov\u00e1<\/p>\n<\/td>\n<td style=\"text-align: center;\" valign=\"bottom\" nowrap=\"nowrap\" width=\"215\">\n<p class=\"-wm-MsoNormal\">\u010cVUT<\/p>\n<\/td>\n<\/tr>\n<tr>\n<td style=\"text-align: center;\" nowrap=\"nowrap\" width=\"185\">\n<p class=\"-wm-MsoNormal\">Vladimir Visek<\/p>\n<\/td>\n<td style=\"text-align: center;\" valign=\"bottom\" nowrap=\"nowrap\" width=\"215\">\n<p class=\"-wm-MsoNormal\"><span aria-hidden=\"true\">Prusa Research<\/span><\/p>\n<\/td>\n<\/tr>\n<tr>\n<td style=\"text-align: center;\" nowrap=\"nowrap\" width=\"185\">\n<p class=\"-wm-MsoNormal\">Pavel Komurka<\/p>\n<\/td>\n<td style=\"text-align: center;\" valign=\"bottom\" nowrap=\"nowrap\" width=\"215\">\n<p class=\"-wm-MsoNormal\">Orkla<\/p>\n<\/td>\n<\/tr>\n<tr>\n<td style=\"text-align: center;\" nowrap=\"nowrap\" width=\"185\">\n<p class=\"-wm-MsoNormal\">Jana Kova\u0159\u00edkov\u00e1<\/p>\n<\/td>\n<td style=\"text-align: center;\" valign=\"bottom\" nowrap=\"nowrap\" width=\"215\">\n<p class=\"-wm-MsoNormal\">Datamar<\/p>\n<\/td>\n<\/tr>\n<tr>\n<td style=\"text-align: center;\" nowrap=\"nowrap\" width=\"185\">\n<p class=\"-wm-MsoNormal\">Izabela Lupienska<\/p>\n<\/td>\n<td style=\"text-align: center;\" valign=\"bottom\" nowrap=\"nowrap\" width=\"215\">\n<p class=\"-wm-MsoNormal\">Masarykova univerzita Brno<\/p>\n<\/td>\n<\/tr>\n<tr>\n<td style=\"text-align: center;\" nowrap=\"nowrap\" width=\"185\">\n<p class=\"-wm-MsoNormal\">Jakub Svrcek<\/p>\n<\/td>\n<td style=\"text-align: center;\" valign=\"bottom\" nowrap=\"nowrap\" width=\"215\">\n<p class=\"-wm-MsoNormal\">Cirk Arena<\/p>\n<\/td>\n<\/tr>\n<\/tbody>\n<\/table>\n[\/vc_column_text][vc_empty_space][\/vc_column][\/vc_row]\n<\/section>","protected":false},"excerpt":{"rendered":"<p>[vc_row css=&#8221;.vc_custom_1693648190499{margin-top: -25px !important;}&#8221;][vc_column][vc_empty_space][vc_column_text css=&#8221;.vc_custom_1740045289815{margin-bottom: -5px !important;}&#8221;] Working Group Circular Economy &#8230; <\/p>\n","protected":false},"author":1,"featured_media":0,"parent":16359,"menu_order":0,"comment_status":"closed","ping_status":"closed","template":"","meta":{"footnotes":"","iawp_total_views":0},"_links":{"self":[{"href":"https:\/\/www.cbcsd.cz\/en\/wp-json\/wp\/v2\/pages\/16374"}],"collection":[{"href":"https:\/\/www.cbcsd.cz\/en\/wp-json\/wp\/v2\/pages"}],"about":[{"href":"https:\/\/www.cbcsd.cz\/en\/wp-json\/wp\/v2\/types\/page"}],"author":[{"embeddable":true,"href":"https:\/\/www.cbcsd.cz\/en\/wp-json\/wp\/v2\/users\/1"}],"replies":[{"embeddable":true,"href":"https:\/\/www.cbcsd.cz\/en\/wp-json\/wp\/v2\/comments?post=16374"}],"version-history":[{"count":26,"href":"https:\/\/www.cbcsd.cz\/en\/wp-json\/wp\/v2\/pages\/16374\/revisions"}],"predecessor-version":[{"id":19304,"href":"https:\/\/www.cbcsd.cz\/en\/wp-json\/wp\/v2\/pages\/16374\/revisions\/19304"}],"up":[{"embeddable":true,"href":"https:\/\/www.cbcsd.cz\/en\/wp-json\/wp\/v2\/pages\/16359"}],"wp:attachment":[{"href":"https:\/\/www.cbcsd.cz\/en\/wp-json\/wp\/v2\/media?parent=16374"}],"curies":[{"name":"wp","href":"https:\/\/api.w.org\/{rel}","templated":true}]}}