{"id":16378,"date":"2023-09-02T11:02:23","date_gmt":"2023-09-02T09:02:23","guid":{"rendered":"https:\/\/www.cbcsd.cz\/?page_id=16378"},"modified":"2026-04-13T14:15:53","modified_gmt":"2026-04-13T12:15:53","slug":"prumyslova-transformace-en","status":"publish","type":"page","link":"https:\/\/www.cbcsd.cz\/en\/pracovni-skupiny-en\/prumyslova-transformace-en\/","title":{"rendered":"Industrial Transformation"},"content":{"rendered":"<section class=\"wpb-content-wrapper\">[vc_row css=&#8221;.vc_custom_1693648190499{margin-top: -25px !important;}&#8221;][vc_column][vc_empty_space][vc_column_text css=&#8221;.vc_custom_1776082057831{margin-bottom: -5px !important;}&#8221;]\n<a class=\"mwm-aal-item\" name=\"working-group-industrial-transformation-formerly-rethink\"><\/a><h2>Working Group <span style=\"color: #03a757;\">Industrial Transformation (formerly RETHINK)<\/span><\/h2>\n[\/vc_column_text][vc_row_inner][vc_column_inner width=&#8221;1\/2&#8243;][vc_column_text]<strong>Guarantor of the Presidium of the Czech BCSD<\/strong><br \/>\n<a href=\"https:\/\/www.cbcsd.cz\/o-nas\/osobnosti-organizace\/#petr_dovolil\">Petr Dovolil<\/a> (<a href=\"mailto:petr.dovolil@pwc.com\" target=\"_blank\" rel=\"noopener\">petr.dovolil@pwc.com<\/a>)<\/p>\n<p><strong>Group Leader<\/strong><br \/>\n<a href=\"https:\/\/www.cbcsd.cz\/o-nas\/osobnosti-organizace\/#karasek_jiri\" rel=\"noopener\">Ji\u0159\u00ed Kar\u00e1sek<\/a><\/p>\n<p><strong>Establishment of the Industrial Transformation Working Group<\/strong><br \/>\nThe Industrial Transformation (formerly RETHINK) Working Group was established in 2022 at a meeting<br \/>\nof the signatories at the French Embassy on October 34, 2022.<\/p>\n<p><strong>Contact person<\/strong><br \/>\n<a href=\"https:\/\/www.cbcsd.cz\/osobnosti-organizace\/#erika_duchanova\">Erika Duchanov\u00e1<\/a> (<a href=\"mailto:duchanova@cbcsd.cz\" target=\"_blank\" rel=\"noopener\">duchanova@cbcsd.cz<\/a>)[\/vc_column_text][\/vc_column_inner][vc_column_inner width=&#8221;1\/2&#8243;][vc_single_image image=&#8221;20126&#8243; img_size=&#8221;300&#215;300&#8243; alignment=&#8221;center&#8221;][\/vc_column_inner][\/vc_row_inner][vc_empty_space][\/vc_column][\/vc_row][vc_row full_width=&#8221;stretch_row&#8221; css=&#8221;.vc_custom_1693649655203{background-color: #eeeeee !important;}&#8221;][vc_column][vc_empty_space height=&#8221;22px&#8221;][vc_column_text]\n<div id=\"malwarebytes-root\" style=\"position: fixed; inset: 0px 0px auto; z-index: 2147483647; width: 100%;\" tabindex=\"-1\"><\/div>\n<a class=\"mwm-aal-item\" name=\"group-documents\"><\/a><h2>Group Documents<\/h2>\n<p><strong><a href=\"https:\/\/www.cbcsd.cz\/wp-content\/uploads\/2024\/01\/rethink-prohlaseni-CZ-verze-2-2024.pdf\" target=\"_blank\" rel=\"noopener\">Statement of the Czech business community<\/a><\/strong><br \/>\nCzech CID 360+ (formerly RETHINK) Memorandum &#8211; version 2024[\/vc_column_text][vc_empty_space height=&#8221;12px&#8221;][\/vc_column][\/vc_row][vc_row][vc_column][vc_empty_space][vc_column_text]\n<a class=\"mwm-aal-item\" name=\"preamble-of-the-working-group\"><\/a><h2>Preamble of the Working Group<\/h2>\n<p>The Industrial Transformation (formerly RETHINK) project is an initiative and an open platform of top managers of large companies operating in the Czech Republic who have decided to cooperate with each other in promoting post-pandemic support for achieving long-term climate neutrality and the UN Sustainable Development Goals for our country. Industrial Transformation (formerly RETHINK) signatories support government action to mitigate climate change and adapt to its impacts. With progressive climate change and environmental degradation posing an existential threat to both the people of the Czech Republic and our planet, we therefore support the EU Green Deal for Europe, the UN Paris Agreement and the Glasgow Climate Pact, which are designed to mitigate this threat.<\/p>\n<p>At joint working meetings of the Industrial Transformation (formerly RETHINK) Working Group, made up of representatives of Industrial Transformation (formerly RETHINK) signatories (called Industrial Transformation (formerly RETHINK) Coordinators), signatories inform each other about the latest developments in decarbonisation and adaptation measures at global, European and national levels, and take inspiration from actions that companies are taking across sectors or emerging as good practice in the markets.[\/vc_column_text][vc_empty_space height=&#8221;62px&#8221;][\/vc_column][\/vc_row][vc_row full_width=&#8221;stretch_row&#8221; css=&#8221;.vc_custom_1693649683137{background-color: #eeeeee !important;}&#8221;][vc_column][vc_empty_space][vc_column_text]\n<a class=\"mwm-aal-item\" name=\"group-meeting\"><\/a><h2>Group Meeting<\/h2>\n[\/vc_column_text][vc_row_inner css=&#8221;.vc_custom_1740433275842{margin-top: -50px !important;}&#8221;][vc_column_inner width=&#8221;1\/6&#8243;][vc_column_text]\n<a class=\"mwm-aal-item\" name=\"2026\"><\/a><h3 style=\"text-align: center;\">2026<\/h3>\n<p style=\"text-align: center;\"><strong>26.&nbsp;11.&nbsp;2026<br \/>\n24.&nbsp;09.&nbsp;2026<br \/>\n25.&nbsp;06.&nbsp;2026<br \/>\n23.&nbsp;04.&nbsp;2026<br \/>\n?<\/strong><\/p>\n[\/vc_column_text][\/vc_column_inner][vc_column_inner width=&#8221;1\/6&#8243;][vc_column_text]\n<a class=\"mwm-aal-item\" name=\"2025\"><\/a><h3 style=\"text-align: center;\">2025<\/h3>\n<p style=\"text-align: center;\"><strong>27.&nbsp;11.&nbsp;2025<br \/>\n25.&nbsp;09.&nbsp;2025<br \/>\n19.&nbsp;06.&nbsp;2025<br \/>\n27.&nbsp;03.&nbsp;2025<br \/>\n30.&nbsp;01.&nbsp;2025<\/strong><\/p>\n[\/vc_column_text][\/vc_column_inner][vc_column_inner width=&#8221;1\/6&#8243;][vc_column_text]\n<a class=\"mwm-aal-item\" name=\"2024\"><\/a><h3 style=\"text-align: center;\">2024<\/h3>\n<p style=\"text-align: center;\"><strong>31.&nbsp;10.&nbsp;2024<br \/>\n<a href=\"https:\/\/www.cbcsd.cz\/program-6-jednani-signataru-rethink\/\">28.&nbsp;02.&nbsp;2024<\/a><\/strong><\/p>\n[\/vc_column_text][\/vc_column_inner][vc_column_inner width=&#8221;1\/6&#8243;][vc_column_text]\n<a class=\"mwm-aal-item\" name=\"2023\"><\/a><h3 style=\"text-align: center;\">2023<\/h3>\n<p style=\"text-align: center;\"><strong>30.&nbsp;11.&nbsp;2023<br \/>\n<a href=\"https:\/\/www.cbcsd.cz\/wp-content\/uploads\/2023\/09\/Pozvanka-4-jednani-PS-Rethink_CBCSD_230921.pdf\" target=\"_blank\" rel=\"noopener\">21.&nbsp;09.&nbsp;2023<\/a><br \/>\n22.&nbsp;06.&nbsp;2023<br \/>\n22.&nbsp;03.&nbsp;2023<br \/>\n19.&nbsp;01.&nbsp;2023<br \/>\n<a href=\"https:\/\/www.cbcsd.cz\/prvni-setkani-koordinatoru-rethink-v-cez\/\" target=\"_blank\" rel=\"noopener\">29.&nbsp;01.&nbsp;2023<\/a><\/strong><\/p>\n[\/vc_column_text][\/vc_column_inner][vc_column_inner width=&#8221;1\/6&#8243;][vc_column_text]\n<a class=\"mwm-aal-item\" name=\"2022\"><\/a><h3 style=\"text-align: center;\">2022<\/h3>\n<p style=\"text-align: center;\"><strong><a href=\"https:\/\/www.cbcsd.cz\/rethink-oficialni-zahajeni-projektu-online\/\" target=\"_blank\" rel=\"noopener\">03.&nbsp;10.&nbsp;2022<\/a><\/strong><\/p>\n[\/vc_column_text][\/vc_column_inner][vc_column_inner width=&#8221;1\/6&#8243;][\/vc_column_inner][\/vc_row_inner][vc_column_text]Terms: The working group meets 5-6 times a year and communicates also within the closed MS Teams group.<br \/>\nMeetings beyond the WG members can be attended by all Czech BCSD members as requested.[\/vc_column_text][vc_empty_space][\/vc_column][\/vc_row][vc_row][vc_column][vc_empty_space][vc_column_text]\n<a class=\"mwm-aal-item\" name=\"members-of-the-group\"><\/a><h2>Members of the Group<\/h2>\n<table style=\"border-collapse: collapse; width: 100%; height: 1080px;\">\n<tbody>\n<tr style=\"height: 24px;\">\n<td style=\"width: 50%; height: 24px; text-align: left;\"><a href=\"https:\/\/www.enviros.cz\" target=\"_blank\" rel=\"noopener\">Enviros<\/a><\/td>\n<td style=\"width: 50%; height: 24px; text-align: center;\">Mgr. Ji\u0159\u00ed Je\u0159\u00e1bek<\/td>\n<\/tr>\n<tr style=\"height: 24px;\">\n<td style=\"width: 50%; height: 24px; text-align: left;\"><a href=\"https:\/\/www.metrostav.cz\" target=\"_blank\" rel=\"noopener\">Metrosta<\/a><\/td>\n<td style=\"width: 50%; height: 24px; text-align: center;\">Edita Mil\u00e1\u010dkov\u00e1<\/td>\n<\/tr>\n<tr style=\"height: 24px;\">\n<td style=\"width: 50%; text-align: left; height: 24px;\"><a href=\"https:\/\/vces.cz\" target=\"_blank\" rel=\"noopener\">VCES, a.s.<\/a><\/td>\n<td style=\"width: 50%; text-align: center; height: 24px;\">Jakub \u0160kaloud<\/td>\n<\/tr>\n<tr style=\"height: 24px;\">\n<td style=\"width: 50%; text-align: left; height: 24px;\"><a href=\"https:\/\/www.urw.com\" target=\"_blank\" rel=\"noopener\">Unibail-Rodamco-Westfield<\/a><\/td>\n<td style=\"width: 50%; text-align: center; height: 24px;\">Karolina \u0160ustrov\u00e1<\/td>\n<\/tr>\n<tr style=\"height: 24px;\">\n<td style=\"width: 50%; text-align: left; height: 24px;\"><a href=\"https:\/\/www.pre.cz\" target=\"_blank\" rel=\"noopener\">Pra\u017esk\u00e1 energetika<\/a><\/td>\n<td style=\"width: 50%; text-align: center; height: 24px;\">Eva Polansk\u00e1<\/td>\n<\/tr>\n<tr style=\"height: 24px;\">\n<td style=\"width: 50%; text-align: left; height: 24px;\"><a href=\"https:\/\/www.pre.cz\" target=\"_blank\" rel=\"noopener\">Pra\u017esk\u00e1 energetika<\/a><\/td>\n<td style=\"width: 50%; text-align: center; height: 24px;\">Barbora Krame\u0161ov\u00e1<\/td>\n<\/tr>\n<tr style=\"height: 24px;\">\n<td style=\"width: 50%; text-align: left; height: 24px;\"><a href=\"https:\/\/www.cd.cz\" target=\"_blank\" rel=\"noopener\">\u010cesk\u00e9 dr\u00e1hy, a.s.<\/a><\/td>\n<td style=\"width: 50%; text-align: center; height: 24px;\">Petr \u017d\u00e1kovec<\/td>\n<\/tr>\n<tr style=\"height: 24px;\">\n<td style=\"width: 50%; text-align: left; height: 24px;\"><a href=\"https:\/\/www.skoda-auto.com\" target=\"_blank\" rel=\"noopener\">\u0160KODA AUTO a.s.<\/a><\/td>\n<td style=\"width: 50%; text-align: center; height: 24px;\">Tom\u00e1\u0161 \u010c\u00e1p<\/td>\n<\/tr>\n<tr style=\"height: 24px;\">\n<td style=\"width: 50%; text-align: left; height: 24px;\"><a href=\"https:\/\/www.siko.cz\" target=\"_blank\" rel=\"noopener\">SIKO Koupelny<\/a><\/td>\n<td style=\"width: 50%; text-align: center; height: 24px;\">Pavel Hampejs<\/td>\n<\/tr>\n<tr style=\"height: 24px;\">\n<td style=\"width: 50%; text-align: left; height: 24px;\"><a href=\"https:\/\/www.ikea.com\/cz\/cs\/\" target=\"_blank\" rel=\"noopener\">IKEA \u010cesk\u00e1 republika, s.r.o.<\/a><\/td>\n<td style=\"width: 50%; text-align: center; height: 24px;\">Jakub Lelek<\/td>\n<\/tr>\n<tr style=\"height: 24px;\">\n<td style=\"width: 50%; text-align: left; height: 24px;\"><a href=\"https:\/\/www.malfini.com\" target=\"_blank\" rel=\"noopener\">Malfini<\/a><\/td>\n<td style=\"width: 50%; text-align: center; height: 24px;\">Ing. Marie Logrov\u00e1, Ph.D.<\/td>\n<\/tr>\n<tr style=\"height: 24px;\">\n<td style=\"width: 50%; text-align: left; height: 24px;\"><a href=\"https:\/\/www.malfini.com\" target=\"_blank\" rel=\"noopener\">Malfini<\/a><\/td>\n<td style=\"width: 50%; text-align: center; height: 24px;\">Tom\u00e1\u0161 Holub<\/td>\n<\/tr>\n<tr style=\"height: 24px;\">\n<td style=\"width: 50%; text-align: left; height: 24px;\"><a href=\"https:\/\/www.se.com\/cz\/cs\/\" target=\"_blank\" rel=\"noopener\">Schneider Electric CZ, a.s.<\/a><\/td>\n<td style=\"width: 50%; text-align: center; height: 24px;\">Jan G\u0159und\u011bl<\/td>\n<\/tr>\n<tr style=\"height: 24px;\">\n<td style=\"width: 50%; text-align: left; height: 24px;\"><a href=\"https:\/\/www.se.com\/cz\/cs\/\" target=\"_blank\" rel=\"noopener\">Schneider Electric CZ, a.s.<\/a><\/td>\n<td style=\"width: 50%; text-align: center; height: 24px;\">Kate\u0159ina Hub\u00e1lkov\u00e1<\/td>\n<\/tr>\n<tr style=\"height: 24px;\">\n<td style=\"width: 50%; text-align: left; height: 24px;\"><a href=\"https:\/\/www.se.com\/cz\/cs\/\" target=\"_blank\" rel=\"noopener\">Schneider Electric CZ, a.s.<\/a><\/td>\n<td style=\"width: 50%; text-align: center; height: 24px;\">Michal Malu\u0161ek<\/td>\n<\/tr>\n<tr style=\"height: 24px;\">\n<td style=\"width: 50%; text-align: left; height: 24px;\"><a href=\"https:\/\/www.pwc.com\/cz\/cs.html\" target=\"_blank\" rel=\"noopener\">PwPricewaterhouseCoopers \u010cesk\u00e1 republika, s.r.o.<\/a><\/td>\n<td style=\"width: 50%; text-align: center; height: 24px;\">Petr Dovolil<\/td>\n<\/tr>\n<tr style=\"height: 24px;\">\n<td style=\"width: 50%; text-align: left; height: 24px;\"><a href=\"https:\/\/www.pwc.com\/cz\/cs.html\" target=\"_blank\" rel=\"noopener\">PwPricewaterhouseCoopers \u010cesk\u00e1 republika, s.r.o.<\/a><\/td>\n<td style=\"width: 50%; text-align: center; height: 24px;\">Lucie Martincov\u00e1<\/td>\n<\/tr>\n<tr style=\"height: 24px;\">\n<td style=\"width: 50%; text-align: left; height: 24px;\"><a href=\"https:\/\/www.kb.cz\" target=\"_blank\" rel=\"noopener\">KB<\/a><\/td>\n<td style=\"width: 50%; text-align: center; height: 24px;\">Hana Kov\u00e1\u0159ov\u00e1<\/td>\n<\/tr>\n<tr style=\"height: 24px;\">\n<td style=\"width: 50%; text-align: left; height: 24px;\"><a href=\"https:\/\/www.alstom.com\" target=\"_blank\" rel=\"noopener\">Alstom Power<\/a><\/td>\n<td style=\"width: 50%; text-align: center; height: 24px;\">Sabina Ml\u010dkovsk\u00e1<\/td>\n<\/tr>\n<tr style=\"height: 24px;\">\n<td style=\"width: 50%; text-align: left; height: 24px;\"><a href=\"https:\/\/www.eon.cz\" target=\"_blank\" rel=\"noopener\">E.ON \u010cesk\u00e1 republika, s.r.o.,<\/a><\/td>\n<td style=\"width: 50%; text-align: center; height: 24px;\">Br\u00fccknerov\u00e1, Karolina<\/td>\n<\/tr>\n<tr style=\"height: 24px;\">\n<td style=\"width: 50%; text-align: left; height: 24px;\"><a href=\"https:\/\/www.ipsos.com\" target=\"_blank\" rel=\"noopener\">IPSOS<\/a><\/td>\n<td style=\"width: 50%; text-align: center; height: 24px;\">Tom\u00e1\u0161 Mack\u016f<\/td>\n<\/tr>\n<tr style=\"height: 24px;\">\n<td style=\"width: 50%; text-align: left; height: 24px;\"><a href=\"https:\/\/www.satum.cz\" target=\"_blank\" rel=\"noopener\">SATUM<\/a><\/td>\n<td style=\"width: 50%; text-align: center; height: 24px;\">Roman\u00a0 Horvath<\/td>\n<\/tr>\n<tr style=\"height: 24px;\">\n<td style=\"width: 50%; text-align: left; height: 24px;\"><a href=\"https:\/\/www.muvs.cvut.cz\" target=\"_blank\" rel=\"noopener\">\u010cVUT, Masaryk\u016fv \u00fastav vy\u0161\u0161\u00edch studi\u00ed<\/a><\/td>\n<td style=\"width: 50%; text-align: center; height: 24px;\">doc. Ing. arch. Vladim\u00edra \u0160ilh\u00e1nkov\u00e1, Ph.D.<\/td>\n<\/tr>\n<tr style=\"height: 24px;\">\n<td style=\"width: 50%; text-align: left; height: 24px;\"><a href=\"https:\/\/www.muvs.cvut.cz\" target=\"_blank\" rel=\"noopener\">\u010cVUT, Masaryk\u016fv \u00fastav vy\u0161\u0161\u00edch studi\u00ed<\/a><\/td>\n<td style=\"width: 50%; text-align: center; height: 24px;\">Mgr. Michael Pond\u011bl\u00ed\u010dek, Ph.D.<\/td>\n<\/tr>\n<tr style=\"height: 24px;\">\n<td style=\"width: 50%; text-align: left; height: 24px;\"><a href=\"https:\/\/www.sweco.cz\" target=\"_blank\" rel=\"noopener\">Sweco\u00a0 Hydroprojekt<\/a><\/td>\n<td style=\"width: 50%; text-align: center; height: 24px;\">Pavel Freilich<\/td>\n<\/tr>\n<tr style=\"height: 24px;\">\n<td style=\"width: 50%; text-align: left; height: 24px;\"><a href=\"https:\/\/www.sweco.cz\" target=\"_blank\" rel=\"noopener\">Sweco\u00a0 Hydroprojekt<\/a><\/td>\n<td style=\"width: 50%; text-align: center; height: 24px;\">Christine Dole\u017ealov\u00e1<\/td>\n<\/tr>\n<tr style=\"height: 24px;\">\n<td style=\"width: 50%; text-align: left; height: 24px;\"><a href=\"https:\/\/www.vecr.cz\/\" target=\"_blank\" rel=\"noopener\">Veolia Energie CR, a.s.<\/a><\/td>\n<td style=\"width: 50%; text-align: center; height: 24px;\">Jakub Tobola<\/td>\n<\/tr>\n<tr style=\"height: 24px;\">\n<td style=\"width: 50%; text-align: left; height: 24px;\"><a href=\"https:\/\/www.vecr.cz\" target=\"_blank\" rel=\"noopener\">Veolia Energie CR, a.s.<\/a><\/td>\n<td style=\"width: 50%; text-align: center; height: 24px;\">Petra Gardian\u010dik<\/td>\n<\/tr>\n<tr style=\"height: 24px;\">\n<td style=\"width: 50%; text-align: left; height: 24px;\"><a href=\"https:\/\/www.vecr.cz\" target=\"_blank\" rel=\"noopener\">Veolia Energie CR, a.s.<\/a><\/td>\n<td style=\"width: 50%; text-align: center; height: 24px;\">Ing. Rostislav \u010c\u00e1p<\/td>\n<\/tr>\n<tr style=\"height: 24px;\">\n<td style=\"width: 50%; text-align: left; height: 24px;\"><a href=\"https:\/\/atos.jobs.cz\" target=\"_blank\" rel=\"noopener\">Atos IT Solutions and Services, s.r.o.<\/a><\/td>\n<td style=\"width: 50%; text-align: center; height: 24px;\">Vladek \u0160lezingr<\/td>\n<\/tr>\n<tr style=\"height: 24px;\">\n<td style=\"width: 50%; text-align: left; height: 24px;\"><a href=\"https:\/\/ekolo.cz\/\" target=\"_blank\" rel=\"noopener\">EKOLO<\/a><\/td>\n<td style=\"width: 50%; text-align: center; height: 24px;\">Mgr.\u00a0Jakub Ditrich<\/td>\n<\/tr>\n<tr style=\"height: 24px;\">\n<td style=\"width: 50%; text-align: left; height: 24px;\"><a href=\"http:\/\/www.enagro.cz\" target=\"_blank\" rel=\"noopener\">ENAGRO<\/a><\/td>\n<td style=\"width: 50%; text-align: center; height: 24px;\">Dr.Lud\u011bk Pitra<\/td>\n<\/tr>\n<tr style=\"height: 24px;\">\n<td style=\"width: 50%; text-align: left; height: 24px;\"><a href=\"https:\/\/www.czu.cz\" target=\"_blank\" rel=\"noopener\">\u010cesk\u00e1 zem\u011bd\u011blsk\u00e1 Univerzita (\u010cZU)<\/a><\/td>\n<td style=\"width: 50%; text-align: center; height: 24px;\">doc. Vrabcov\u00e1 Pavla<\/td>\n<\/tr>\n<tr style=\"height: 24px;\">\n<td style=\"width: 50%; text-align: left; height: 24px;\"><a href=\"https:\/\/www.nrb.cz\" target=\"_blank\" rel=\"noopener\">N\u00e1rodn\u00ed rozvojov\u00e1 banka, a.s.<\/a><\/td>\n<td style=\"width: 50%; text-align: center; height: 24px;\">Michal Pluta<\/td>\n<\/tr>\n<tr style=\"height: 24px;\">\n<td style=\"width: 50%; text-align: left; height: 24px;\"><a href=\"https:\/\/www.dpo.cz\" target=\"_blank\" rel=\"noopener\">Dopravn\u00ed podnik m\u011bsta Ostrava<\/a><\/td>\n<td style=\"width: 50%; text-align: center; height: 24px;\">Ing. Martin Chovanec<\/td>\n<\/tr>\n<tr style=\"height: 24px;\">\n<td style=\"width: 50%; text-align: left; height: 24px;\"><a href=\"https:\/\/www.cez.cz\" target=\"_blank\" rel=\"noopener\">\u010cEZ, a.s<\/a><\/td>\n<td style=\"width: 50%; text-align: center; height: 24px;\">Ing. Ond\u0159ej \u0160ikl<\/td>\n<\/tr>\n<tr style=\"height: 24px;\">\n<td style=\"width: 50%; text-align: left; height: 24px;\"><a href=\"https:\/\/www.saint-gobain.cz\" target=\"_blank\" rel=\"noopener\">Saint Gobain<\/a><\/td>\n<td style=\"width: 50%; text-align: center; height: 24px;\">Lucie Valterov\u00e1<\/td>\n<\/tr>\n<tr style=\"height: 24px;\">\n<td style=\"width: 50%; text-align: left; height: 24px;\"><a href=\"https:\/\/www.ey.com\" target=\"_blank\" rel=\"noopener\">Ernst&amp;Young<\/a><\/td>\n<td style=\"width: 50%; text-align: center; height: 24px;\">Radka Mikulenka<\/td>\n<\/tr>\n<tr style=\"height: 24px;\">\n<td style=\"width: 50%; text-align: left; height: 24px;\"><a href=\"https:\/\/www.ipsos.com\" target=\"_blank\" rel=\"noopener\">IPSOS<\/a><\/td>\n<td style=\"width: 50%; text-align: center; height: 24px;\">Marta Knebl\u00edkov\u00e1<\/td>\n<\/tr>\n<tr style=\"height: 24px;\">\n<td style=\"width: 50%; text-align: left; height: 24px;\"><a href=\"https:\/\/www.ipsos.com\" target=\"_blank\" rel=\"noopener\">IPSOS<\/a><\/td>\n<td style=\"width: 50%; text-align: center; height: 24px;\">Tereza Hor\u00e1kov\u00e1<\/td>\n<\/tr>\n<tr style=\"height: 24px;\">\n<td style=\"width: 50%; text-align: left; height: 24px;\"><a href=\"https:\/\/www.direct.cz\" target=\"_blank\" rel=\"noopener\">Direct poji\u0161\u0165ovna, a.s.<\/a><\/td>\n<td style=\"width: 50%; text-align: center; height: 24px;\">Lenka Kr\u00e1korov\u00e1<\/td>\n<\/tr>\n<tr style=\"height: 24px;\">\n<td style=\"width: 50%; text-align: left; height: 24px;\"><a href=\"https:\/\/www.newtonmedia.cz\" target=\"_blank\" rel=\"noopener\">Newton Media<\/a><\/td>\n<td style=\"width: 50%; text-align: center; height: 24px;\">V\u011bra Lhotsk\u00e1<\/td>\n<\/tr>\n<tr style=\"height: 24px;\">\n<td style=\"width: 50%; text-align: left; height: 24px;\"><a href=\"https:\/\/www.shell.cz\" target=\"_blank\" rel=\"noopener\">SHELL<\/a><\/td>\n<td style=\"width: 50%; text-align: center; height: 24px;\">Jana Vostin\u00e1rov\u00e1<\/td>\n<\/tr>\n<tr style=\"height: 24px;\">\n<td style=\"width: 50%; text-align: left; height: 24px;\"><a href=\"https:\/\/wasten.cz\" target=\"_blank\" rel=\"noopener\">WASTen, z.s.<\/a><\/td>\n<td style=\"width: 50%; text-align: center; height: 24px;\">Radek Ho\u0159e\u0148ovsk\u00fd<\/td>\n<\/tr>\n<tr style=\"height: 24px;\">\n<td style=\"width: 50%; text-align: left; height: 24px;\"><a href=\"https:\/\/www.smocr.cz\" target=\"_blank\" rel=\"noopener\">Svaz m\u011bst a obc\u00ed \u010cesk\u00e9 republiky<\/a><\/td>\n<td style=\"width: 50%; text-align: center; height: 24px;\">Radka Vladykova<\/td>\n<\/tr>\n<tr>\n<td style=\"width: 50%; text-align: left;\"><a href=\"https:\/\/www.prg.aero\/\" target=\"_blank\" rel=\"noopener\">Leti\u0161t\u011b Praha<\/a><\/td>\n<td style=\"width: 50%; text-align: center;\">So\u0148a Hyky\u0161ov\u00e1<\/td>\n<\/tr>\n<\/tbody>\n<\/table>\n[\/vc_column_text][vc_empty_space][\/vc_column][\/vc_row][vc_row disable_element=&#8221;yes&#8221;][vc_column][vc_empty_space height=&#8221;12px&#8221;][vc_column_text]\n<a class=\"mwm-aal-item\" name=\"clanky\"><\/a><h2>\u010cl\u00e1nky<\/h2>\n[\/vc_column_text]<div  class=\"jeg_postblock_27 jeg_postblock_blog_2 jeg_postblock jeg_module_hook jeg_pagination_disable jeg_col_2o3 epic_module__0_69eb0e894bf6c   \" data-unique=\"epic_module__0_69eb0e894bf6c\">\n                \n                <div class=\"jeg_block_container\">\n                \n                <div class='jeg_empty_module'>No Content Available<\/div>\n                <div class='module-overlay'>\n                <div class='preloader_type preloader_dot'>\n                    <div class=\"module-preloader jeg_preloader dot\">\n                        <span><\/span><span><\/span><span><\/span>\n                    <\/div>\n                    <div class=\"module-preloader jeg_preloader circle\">\n                        <div class=\"epic_preloader_circle_outer\">\n                            <div class=\"epic_preloader_circle_inner\"><\/div>\n                        <\/div>\n                    <\/div>\n                    <div class=\"module-preloader jeg_preloader square\">\n                        <div class=\"jeg_square\"><div class=\"jeg_square_inner\"><\/div><\/div>\n                    <\/div>\n                <\/div>\n            <\/div>\n            <\/div>\n            <div class=\"jeg_block_navigation\">\n                <div class='navigation_overlay'><div class='module-preloader jeg_preloader'><span><\/span><span><\/span><span><\/span><\/div><\/div>\n                \n                \n            <\/div>\n                <style scoped>.epic_module__0_69eb0e894bf6c .jeg_post_title a, .epic_module__0_69eb0e894bf6c.jeg_postblock .jeg_subcat_list > li > a, .epic_module__0_69eb0e894bf6c .jeg_pl_md_card .jeg_post_category a:hover { color: #404040 }.epic_module__0_69eb0e894bf6c .jeg_meta_author a, .epic_module__0_69eb0e894bf6c .jeg_post_title a:hover { color: #000000 }.epic_module__0_69eb0e894bf6c .jeg_readmore:hover { background-color: #000000; }.epic_module__0_69eb0e894bf6c .jeg_readmore:hover { border-color: #000000; }<\/style>\n                <script>var epic_module__0_69eb0e894bf6c = {\"header_icon\":\"\",\"first_title\":\"\",\"second_title\":\"\",\"url\":\"\",\"header_type\":\"heading_6\",\"header_background\":\"\",\"header_secondary_background\":\"\",\"header_text_color\":\"\",\"header_line_color\":\"\",\"header_accent_color\":\"\",\"header_filter_category\":\"\",\"header_filter_author\":\"\",\"header_filter_tag\":\"\",\"header_filter_text\":\"All\",\"post_type\":\"post\",\"number_post\":\"3\",\"post_offset\":\"1\",\"unique_content\":\"disable\",\"include_post\":\"\",\"exclude_post\":\"\",\"include_category\":\"572\",\"exclude_category\":\"\",\"include_author\":\"\",\"include_tag\":\"\",\"exclude_tag\":\"\",\"portfolio_cat\":\"\",\"portfolio_tags\":\"\",\"sort_by\":\"latest\",\"date_format\":\"default\",\"date_format_custom\":\"Y\\\/m\\\/d\",\"excerpt_length\":\"0\",\"excerpt_ellipsis\":\"\",\"pagination_mode\":\"disable\",\"pagination_nextprev_showtext\":\"\",\"pagination_number_post\":6,\"pagination_scroll_limit\":0,\"boxed\":\"\",\"boxed_shadow\":\"\",\"el_id\":\"\",\"el_class\":\"\",\"scheme\":\"\",\"column_width\":\"auto\",\"title_color\":\"#404040\",\"accent_color\":\"#000000\",\"alt_color\":\"\",\"excerpt_color\":\"\",\"css\":\"\",\"compatible_column_notice\":\"\",\"paged\":1,\"column_class\":\"jeg_col_2o3\",\"class\":\"epic_block_27\"};<\/script>\n            <\/div>[vc_btn title=&#8221;ZOBRAZIT V\u0160E&#8221; style=&#8221;classic&#8221; shape=&#8221;square&#8221; color=&#8221;green&#8221; size=&#8221;lg&#8221; align=&#8221;center&#8221; link=&#8221;url:https%3A%2F%2Fwww.cbcsd.cz%2Fcategory%2Fpracovni-skupiny%2Frethink%2F&#8221;][vc_empty_space height=&#8221;72px&#8221;][\/vc_column][\/vc_row]\n<\/section>","protected":false},"excerpt":{"rendered":"<p>[vc_row css=&#8221;.vc_custom_1693648190499{margin-top: -25px !important;}&#8221;][vc_column][vc_empty_space][vc_column_text css=&#8221;.vc_custom_1776082057831{margin-bottom: -5px !important;}&#8221;] Working Group Industrial Transformation &#8230; <\/p>\n","protected":false},"author":1,"featured_media":0,"parent":16359,"menu_order":0,"comment_status":"closed","ping_status":"closed","template":"","meta":{"footnotes":"","iawp_total_views":0},"_links":{"self":[{"href":"https:\/\/www.cbcsd.cz\/en\/wp-json\/wp\/v2\/pages\/16378"}],"collection":[{"href":"https:\/\/www.cbcsd.cz\/en\/wp-json\/wp\/v2\/pages"}],"about":[{"href":"https:\/\/www.cbcsd.cz\/en\/wp-json\/wp\/v2\/types\/page"}],"author":[{"embeddable":true,"href":"https:\/\/www.cbcsd.cz\/en\/wp-json\/wp\/v2\/users\/1"}],"replies":[{"embeddable":true,"href":"https:\/\/www.cbcsd.cz\/en\/wp-json\/wp\/v2\/comments?post=16378"}],"version-history":[{"count":23,"href":"https:\/\/www.cbcsd.cz\/en\/wp-json\/wp\/v2\/pages\/16378\/revisions"}],"predecessor-version":[{"id":20154,"href":"https:\/\/www.cbcsd.cz\/en\/wp-json\/wp\/v2\/pages\/16378\/revisions\/20154"}],"up":[{"embeddable":true,"href":"https:\/\/www.cbcsd.cz\/en\/wp-json\/wp\/v2\/pages\/16359"}],"wp:attachment":[{"href":"https:\/\/www.cbcsd.cz\/en\/wp-json\/wp\/v2\/media?parent=16378"}],"curies":[{"name":"wp","href":"https:\/\/api.w.org\/{rel}","templated":true}]}}