{"id":20004,"date":"2023-05-27T16:53:43","date_gmt":"2023-05-27T14:53:43","guid":{"rendered":"https:\/\/www.cbcsd.cz\/?page_id=20004"},"modified":"2026-04-05T19:20:16","modified_gmt":"2026-04-05T17:20:16","slug":"zapati-sledujte-nas-en","status":"publish","type":"page","link":"https:\/\/www.cbcsd.cz\/en\/zapati-sledujte-nas-en\/","title":{"rendered":"Z\u00e1pat\u00ed &#8211; Sledujte n\u00e1s (EN)"},"content":{"rendered":"<section class=\"wpb-content-wrapper\">[vc_row][vc_column][vc_column_text]<span style=\"color: #ffffff; font-size: 22px;\">Follow Us<\/span>[\/vc_column_text][\/vc_column][\/vc_row][vc_row][vc_column][vc_column_text]<div id=\"cz_16205\" class=\"cz_16205 cz_social_icons cz_social clr cz_social_fx_9 tac\"><a href=\"https:\/\/www.facebook.com\/cbcsd\" class=\"cz-facebook\" target=\"_blank\" rel=\"noopener noreferrer\" title=\"#\" aria-label=\"#\"><i class=\"fa fa-facebook\"><\/i><\/a><a href=\"https:\/\/twitter.com\/VIZE2050_cbcsd\" class=\"cz-twitter\" target=\"_blank\" rel=\"noopener noreferrer\" title=\"#\" aria-label=\"#\"><i class=\"fab fa-twitter\"><\/i><\/a><a href=\"https:\/\/www.linkedin.com\/company\/3185139\/\" class=\"cz-linkedin-in\" target=\"_blank\" rel=\"noopener noreferrer\" title=\"#\" aria-label=\"#\"><i class=\"fab fa-linkedin-in\"><\/i><\/a><a href=\"https:\/\/www.youtube.com\/channel\/UCeyEZq-fx1x6fkotAH5DtFA\" class=\"cz-youtube\" target=\"_blank\" rel=\"noopener noreferrer\" title=\"#\" aria-label=\"#\"><i class=\"fab fa-youtube\"><\/i><\/a><\/div>[\/vc_column_text][\/vc_column][\/vc_row]\n<\/section>","protected":false},"excerpt":{"rendered":"<p>[vc_row][vc_column][vc_column_text]Follow Us[\/vc_column_text][\/vc_column][\/vc_row][vc_row][vc_column][vc_column_text][\/vc_column_text][\/vc_column][\/vc_row] &#8230; <\/p>\n","protected":false},"author":1,"featured_media":0,"parent":0,"menu_order":0,"comment_status":"closed","ping_status":"closed","template":"","meta":{"footnotes":"","iawp_total_views":0},"_links":{"self":[{"href":"https:\/\/www.cbcsd.cz\/en\/wp-json\/wp\/v2\/pages\/20004"}],"collection":[{"href":"https:\/\/www.cbcsd.cz\/en\/wp-json\/wp\/v2\/pages"}],"about":[{"href":"https:\/\/www.cbcsd.cz\/en\/wp-json\/wp\/v2\/types\/page"}],"author":[{"embeddable":true,"href":"https:\/\/www.cbcsd.cz\/en\/wp-json\/wp\/v2\/users\/1"}],"replies":[{"embeddable":true,"href":"https:\/\/www.cbcsd.cz\/en\/wp-json\/wp\/v2\/comments?post=20004"}],"version-history":[{"count":5,"href":"https:\/\/www.cbcsd.cz\/en\/wp-json\/wp\/v2\/pages\/20004\/revisions"}],"predecessor-version":[{"id":20031,"href":"https:\/\/www.cbcsd.cz\/en\/wp-json\/wp\/v2\/pages\/20004\/revisions\/20031"}],"wp:attachment":[{"href":"https:\/\/www.cbcsd.cz\/en\/wp-json\/wp\/v2\/media?parent=20004"}],"curies":[{"name":"wp","href":"https:\/\/api.w.org\/{rel}","templated":true}]}}