{"id":20007,"date":"2026-02-16T22:04:17","date_gmt":"2026-02-16T20:04:17","guid":{"rendered":"https:\/\/www.cbcsd.cz\/?page_id=20007"},"modified":"2026-04-05T19:24:33","modified_gmt":"2026-04-05T17:24:33","slug":"zapati-newsletter-en","status":"publish","type":"page","link":"https:\/\/www.cbcsd.cz\/en\/zapati-newsletter-en\/","title":{"rendered":"Z\u00e1pat\u00ed &#8211; Ochrana soukrom\u00ed (EN)"},"content":{"rendered":"<section class=\"wpb-content-wrapper\">[vc_row][vc_column][vc_column_text]<span style=\"color: #ffffff; font-size: 22px;\">Privacy Policy<\/span>[\/vc_column_text][\/vc_column][\/vc_row][vc_row][vc_column][vc_column_text]<span style=\"text-decoration: underline;\"><span style=\"color: #ffffff; text-decoration: underline;\"><a style=\"color: #ffffff; text-decoration: underline;\" href=\"https:\/\/www.cbcsd.cz\/en\/privacy-policy-gdpr\/\">Privacy Policy (GDPR)<\/a><\/span><\/span><br \/>\n<a href=\"https:\/\/www.cbcsd.cz\/en\/cookie-policy-eu\/\"><span style=\"text-decoration: underline;\"><span style=\"color: #ffffff; text-decoration: underline;\">Cookie Policy (EU)<\/span><\/span><\/a>[\/vc_column_text][\/vc_column][\/vc_row]\n<\/section>","protected":false},"excerpt":{"rendered":"<p>[vc_row][vc_column][vc_column_text]Privacy Policy[\/vc_column_text][\/vc_column][\/vc_row][vc_row][vc_column][vc_column_text]Privacy Policy (GDPR) Cookie Policy (EU)[\/vc_column_text][\/vc_column][\/vc_row] &#8230; <\/p>\n","protected":false},"author":1,"featured_media":0,"parent":0,"menu_order":0,"comment_status":"closed","ping_status":"closed","template":"","meta":{"footnotes":"","iawp_total_views":0},"_links":{"self":[{"href":"https:\/\/www.cbcsd.cz\/en\/wp-json\/wp\/v2\/pages\/20007"}],"collection":[{"href":"https:\/\/www.cbcsd.cz\/en\/wp-json\/wp\/v2\/pages"}],"about":[{"href":"https:\/\/www.cbcsd.cz\/en\/wp-json\/wp\/v2\/types\/page"}],"author":[{"embeddable":true,"href":"https:\/\/www.cbcsd.cz\/en\/wp-json\/wp\/v2\/users\/1"}],"replies":[{"embeddable":true,"href":"https:\/\/www.cbcsd.cz\/en\/wp-json\/wp\/v2\/comments?post=20007"}],"version-history":[{"count":4,"href":"https:\/\/www.cbcsd.cz\/en\/wp-json\/wp\/v2\/pages\/20007\/revisions"}],"predecessor-version":[{"id":20035,"href":"https:\/\/www.cbcsd.cz\/en\/wp-json\/wp\/v2\/pages\/20007\/revisions\/20035"}],"wp:attachment":[{"href":"https:\/\/www.cbcsd.cz\/en\/wp-json\/wp\/v2\/media?parent=20007"}],"curies":[{"name":"wp","href":"https:\/\/api.w.org\/{rel}","templated":true}]}}